{"id":1137,"date":"2022-10-21T11:54:00","date_gmt":"2022-10-21T09:54:00","guid":{"rendered":"http:\/\/www.dgco-fermetures.com\/?page_id=1137"},"modified":"2023-04-13T18:05:29","modified_gmt":"2023-04-13T16:05:29","slug":"pergolas","status":"publish","type":"page","link":"https:\/\/www.dgco-fermetures.com\/index.php\/pergolas\/","title":{"rendered":"PERGOLAS"},"content":{"rendered":"\t\t<div data-elementor-type=\"wp-page\" data-elementor-id=\"1137\" class=\"elementor elementor-1137\">\n\t\t\t\t\t\t\t\t\t<section class=\"elementor-section elementor-top-section elementor-element elementor-element-9ad7262 elementor-section-boxed elementor-section-height-default elementor-section-height-default\" data-id=\"9ad7262\" data-element_type=\"section\" data-settings=\"{&quot;background_background&quot;:&quot;slideshow&quot;,&quot;background_slideshow_gallery&quot;:[{&quot;id&quot;:1308,&quot;url&quot;:&quot;http:\\\/\\\/www.dgco-fermetures.com\\\/wp-content\\\/uploads\\\/2023\\\/01\\\/banner5-site-dgco.png&quot;}],&quot;background_slideshow_loop&quot;:&quot;yes&quot;,&quot;background_slideshow_slide_duration&quot;:5000,&quot;background_slideshow_slide_transition&quot;:&quot;fade&quot;,&quot;background_slideshow_transition_duration&quot;:500}\">\n\t\t\t\t\t\t<div class=\"elementor-container elementor-column-gap-no\">\n\t\t\t\t\t<div class=\"elementor-column elementor-col-100 elementor-top-column elementor-element elementor-element-b5e0cc3\" data-id=\"b5e0cc3\" data-element_type=\"column\">\n\t\t\t<div class=\"elementor-widget-wrap elementor-element-populated\">\n\t\t\t\t\t\t\t\t<div class=\"elementor-element elementor-element-fcdcf23 elementor-widget elementor-widget-heading\" data-id=\"fcdcf23\" data-element_type=\"widget\" data-widget_type=\"heading.default\">\n\t\t\t\t<div class=\"elementor-widget-container\">\n\t\t\t<style>\/*! elementor - v3.8.1 - 13-11-2022 *\/\n.elementor-heading-title{padding:0;margin:0;line-height:1}.elementor-widget-heading .elementor-heading-title[class*=elementor-size-]>a{color:inherit;font-size:inherit;line-height:inherit}.elementor-widget-heading .elementor-heading-title.elementor-size-small{font-size:15px}.elementor-widget-heading .elementor-heading-title.elementor-size-medium{font-size:19px}.elementor-widget-heading .elementor-heading-title.elementor-size-large{font-size:29px}.elementor-widget-heading .elementor-heading-title.elementor-size-xl{font-size:39px}.elementor-widget-heading .elementor-heading-title.elementor-size-xxl{font-size:59px}<\/style><h1 class=\"elementor-heading-title elementor-size-default\">Les pergolas<\/h1>\t\t<\/div>\n\t\t\t\t<\/div>\n\t\t\t\t\t<\/div>\n\t\t<\/div>\n\t\t\t\t\t\t\t<\/div>\n\t\t<\/section>\n\t\t\t\t<section class=\"elementor-section elementor-top-section elementor-element elementor-element-efa206b elementor-section-boxed elementor-section-height-default elementor-section-height-default\" data-id=\"efa206b\" data-element_type=\"section\">\n\t\t\t\t\t\t<div class=\"elementor-container elementor-column-gap-default\">\n\t\t\t\t\t<div class=\"elementor-column elementor-col-100 elementor-top-column elementor-element elementor-element-af7218d\" data-id=\"af7218d\" data-element_type=\"column\">\n\t\t\t<div class=\"elementor-widget-wrap elementor-element-populated\">\n\t\t\t\t\t\t\t\t<div class=\"elementor-element elementor-element-8ffab21 elementor-widget elementor-widget-text-editor\" data-id=\"8ffab21\" data-element_type=\"widget\" data-widget_type=\"text-editor.default\">\n\t\t\t\t<div class=\"elementor-widget-container\">\n\t\t\t<style>\/*! elementor - v3.8.1 - 13-11-2022 *\/\n.elementor-widget-text-editor.elementor-drop-cap-view-stacked .elementor-drop-cap{background-color:#818a91;color:#fff}.elementor-widget-text-editor.elementor-drop-cap-view-framed .elementor-drop-cap{color:#818a91;border:3px solid;background-color:transparent}.elementor-widget-text-editor:not(.elementor-drop-cap-view-default) .elementor-drop-cap{margin-top:8px}.elementor-widget-text-editor:not(.elementor-drop-cap-view-default) .elementor-drop-cap-letter{width:1em;height:1em}.elementor-widget-text-editor .elementor-drop-cap{float:left;text-align:center;line-height:1;font-size:50px}.elementor-widget-text-editor .elementor-drop-cap-letter{display:inline-block}<\/style>\t\t\t\t<h6><strong>Vivez \u00e0 l\u2019ext\u00e9rieur comme \u00e0 l\u2019int\u00e9rieur gr\u00e2ce \u00e0 notre pergola bioclimatique \u00e0 lames orientables<\/strong><\/h6><div class=\"rspbld-content\"><div class=\"rspbld-content\"><p>Vivez \u00e0 l\u2019ext\u00e9rieur comme \u00e0 l\u2019int\u00e9rieur gr\u00e2ce \u00e0 notre pergola bioclimatique \u00e0 lames orientables. Parfait mariage entre design \u00e9pur\u00e9 et performance technique, notre gamme se d\u00e9marque par ses finitions soign\u00e9es, avec ses m\u00e9canismes non apparents.<\/p><p>\u00c9l\u00e9gantes et se fondant parfaitement dans l\u2019architecture de votre habitation, notre pergola\u00a0alu fait de votre terrasse un nouvel espace de vie. Agissant comme une climatisation r\u00e9versible naturelle, elles vous prot\u00e8gent des rayons du soleil et des intemp\u00e9ries, tout en r\u00e9gulant la temp\u00e9rature de votre terrasse et de votre maison.<\/p><\/div><\/div>\t\t\t\t\t\t<\/div>\n\t\t\t\t<\/div>\n\t\t\t\t\t<\/div>\n\t\t<\/div>\n\t\t\t\t\t\t\t<\/div>\n\t\t<\/section>\n\t\t\t\t<section class=\"elementor-section elementor-top-section elementor-element elementor-element-b1bf8c7 elementor-section-boxed elementor-section-height-default elementor-section-height-default\" data-id=\"b1bf8c7\" data-element_type=\"section\">\n\t\t\t\t\t\t<div class=\"elementor-container elementor-column-gap-default\">\n\t\t\t\t\t<div class=\"elementor-column elementor-col-100 elementor-top-column elementor-element elementor-element-e4f65ca\" data-id=\"e4f65ca\" data-element_type=\"column\">\n\t\t\t<div class=\"elementor-widget-wrap elementor-element-populated\">\n\t\t\t\t\t\t\t\t<section class=\"elementor-section elementor-inner-section elementor-element elementor-element-5da74c7 elementor-section-boxed elementor-section-height-default elementor-section-height-default\" data-id=\"5da74c7\" data-element_type=\"section\" data-settings=\"{&quot;background_background&quot;:&quot;classic&quot;}\">\n\t\t\t\t\t\t<div class=\"elementor-container elementor-column-gap-default\">\n\t\t\t\t\t<div class=\"elementor-column elementor-col-50 elementor-inner-column elementor-element elementor-element-d21aaea\" data-id=\"d21aaea\" data-element_type=\"column\">\n\t\t\t<div class=\"elementor-widget-wrap elementor-element-populated\">\n\t\t\t\t\t\t\t\t<div class=\"elementor-element elementor-element-fc4f30a elementor-widget elementor-widget-text-editor\" data-id=\"fc4f30a\" data-element_type=\"widget\" data-widget_type=\"text-editor.default\">\n\t\t\t\t<div class=\"elementor-widget-container\">\n\t\t\t\t\t\t\t<h5><strong>Une conception sur-mesure<\/strong><\/h5><div class=\"rspbld-content\"><p>Disponibles en version autoport\u00e9e, adoss\u00e9e, entre-murs ou sans poteaux, notre pergola alu s\u2019adapte \u00e0 tous les ext\u00e9rieurs : dimensions ajustables, possibilit\u00e9 de coupler plusieurs pergolas, poteaux d\u00e9port\u00e9s, lames parall\u00e8les ou perpendiculaires\u2026<\/p><div class=\"rspbld-content\"><p>Les lignes \u00e9pur\u00e9es de notre pergola bioclimatique s\u2019adaptent \u00e0 tous les environnements et styles d\u2019habitations et donnent une touche design \u00e0 vos ext\u00e9rieurs.<\/p><p>Quatre teintes de couleurs sont disponibles pour la structure et trois pour les lames en standard. D\u2019autres coloris sont \u00e9galement propos\u00e9s en option.<\/p><\/div><\/div>\t\t\t\t\t\t<\/div>\n\t\t\t\t<\/div>\n\t\t\t\t\t<\/div>\n\t\t<\/div>\n\t\t\t\t<div class=\"elementor-column elementor-col-50 elementor-inner-column elementor-element elementor-element-7ae989e\" data-id=\"7ae989e\" data-element_type=\"column\">\n\t\t\t<div class=\"elementor-widget-wrap elementor-element-populated\">\n\t\t\t\t\t\t\t\t<div class=\"elementor-element elementor-element-3e50c9b elementor-widget elementor-widget-image\" data-id=\"3e50c9b\" data-element_type=\"widget\" data-widget_type=\"image.default\">\n\t\t\t\t<div class=\"elementor-widget-container\">\n\t\t\t<style>\/*! elementor - v3.8.1 - 13-11-2022 *\/\n.elementor-widget-image{text-align:center}.elementor-widget-image a{display:inline-block}.elementor-widget-image a img[src$=\".svg\"]{width:48px}.elementor-widget-image img{vertical-align:middle;display:inline-block}<\/style>\t\t\t\t\t\t\t\t\t\t\t\t<img loading=\"lazy\" decoding=\"async\" width=\"1024\" height=\"1024\" src=\"https:\/\/www.dgco-fermetures.com\/wp-content\/uploads\/2023\/01\/pergola4-1024x1024.jpg\" class=\"attachment-large size-large\" alt=\"\" srcset=\"https:\/\/www.dgco-fermetures.com\/wp-content\/uploads\/2023\/01\/pergola4.jpg 1024w, https:\/\/www.dgco-fermetures.com\/wp-content\/uploads\/2023\/01\/pergola4-300x300.jpg 300w, https:\/\/www.dgco-fermetures.com\/wp-content\/uploads\/2023\/01\/pergola4-150x150.jpg 150w, https:\/\/www.dgco-fermetures.com\/wp-content\/uploads\/2023\/01\/pergola4-768x768.jpg 768w\" sizes=\"auto, (max-width: 1024px) 100vw, 1024px\" \/>\t\t\t\t\t\t\t\t\t\t\t\t\t\t\t<\/div>\n\t\t\t\t<\/div>\n\t\t\t\t\t<\/div>\n\t\t<\/div>\n\t\t\t\t\t\t\t<\/div>\n\t\t<\/section>\n\t\t\t\t<section class=\"elementor-section elementor-inner-section elementor-element elementor-element-3342abe elementor-section-boxed elementor-section-height-default elementor-section-height-default\" data-id=\"3342abe\" data-element_type=\"section\">\n\t\t\t\t\t\t<div class=\"elementor-container elementor-column-gap-default\">\n\t\t\t\t\t<div class=\"elementor-column elementor-col-50 elementor-inner-column elementor-element elementor-element-b1072a2\" data-id=\"b1072a2\" data-element_type=\"column\">\n\t\t\t<div class=\"elementor-widget-wrap elementor-element-populated\">\n\t\t\t\t\t\t\t\t<div class=\"elementor-element elementor-element-132c583 elementor-widget elementor-widget-image\" data-id=\"132c583\" data-element_type=\"widget\" data-widget_type=\"image.default\">\n\t\t\t\t<div class=\"elementor-widget-container\">\n\t\t\t\t\t\t\t\t\t\t\t\t\t\t\t<img loading=\"lazy\" decoding=\"async\" width=\"1024\" height=\"1024\" src=\"https:\/\/www.dgco-fermetures.com\/wp-content\/uploads\/2023\/01\/pergola5-1024x1024.jpg\" class=\"attachment-large size-large\" alt=\"\" srcset=\"https:\/\/www.dgco-fermetures.com\/wp-content\/uploads\/2023\/01\/pergola5.jpg 1024w, https:\/\/www.dgco-fermetures.com\/wp-content\/uploads\/2023\/01\/pergola5-300x300.jpg 300w, https:\/\/www.dgco-fermetures.com\/wp-content\/uploads\/2023\/01\/pergola5-150x150.jpg 150w, https:\/\/www.dgco-fermetures.com\/wp-content\/uploads\/2023\/01\/pergola5-768x768.jpg 768w\" sizes=\"auto, (max-width: 1024px) 100vw, 1024px\" \/>\t\t\t\t\t\t\t\t\t\t\t\t\t\t\t<\/div>\n\t\t\t\t<\/div>\n\t\t\t\t\t<\/div>\n\t\t<\/div>\n\t\t\t\t<div class=\"elementor-column elementor-col-50 elementor-inner-column elementor-element elementor-element-b15f487\" data-id=\"b15f487\" data-element_type=\"column\">\n\t\t\t<div class=\"elementor-widget-wrap elementor-element-populated\">\n\t\t\t\t\t\t\t\t<div class=\"elementor-element elementor-element-782a1dc elementor-widget elementor-widget-text-editor\" data-id=\"782a1dc\" data-element_type=\"widget\" data-widget_type=\"text-editor.default\">\n\t\t\t\t<div class=\"elementor-widget-container\">\n\t\t\t\t\t\t\t<h5><strong>Pour une int\u00e9gration \u00e0 l&rsquo;existant<br \/><\/strong><\/h5><p>Qu&rsquo;il s&rsquo;agisse d&rsquo;une architecture moderne ou classique, les fen\u00eatres Bois-Aluminium s&rsquo;y adaptent parfaitement. Elles offrent la chaleur du bois \u00e0 votre int\u00e9rieur et l&rsquo;\u00e9l\u00e9gance de l&rsquo;aluminium \u00e0 votre fa\u00e7ade.<\/p><p>Id\u00e9ale pour vos projets de constructions neuves et de r\u00e9novations, notre gamme poss\u00e8de une tr\u00e8s bonne stabilit\u00e9 gr\u00e2ce \u00e0 la protection offerte par son capotage aluminium.<\/p>\t\t\t\t\t\t<\/div>\n\t\t\t\t<\/div>\n\t\t\t\t\t<\/div>\n\t\t<\/div>\n\t\t\t\t\t\t\t<\/div>\n\t\t<\/section>\n\t\t\t\t<section class=\"elementor-section elementor-inner-section elementor-element elementor-element-e62d4d2 elementor-section-boxed elementor-section-height-default elementor-section-height-default\" data-id=\"e62d4d2\" data-element_type=\"section\" data-settings=\"{&quot;background_background&quot;:&quot;classic&quot;}\">\n\t\t\t\t\t\t<div class=\"elementor-container elementor-column-gap-default\">\n\t\t\t\t\t<div class=\"elementor-column elementor-col-50 elementor-inner-column elementor-element elementor-element-2765736\" data-id=\"2765736\" data-element_type=\"column\">\n\t\t\t<div class=\"elementor-widget-wrap elementor-element-populated\">\n\t\t\t\t\t\t\t\t<div class=\"elementor-element elementor-element-f02cb3e elementor-widget elementor-widget-text-editor\" data-id=\"f02cb3e\" data-element_type=\"widget\" data-widget_type=\"text-editor.default\">\n\t\t\t\t<div class=\"elementor-widget-container\">\n\t\t\t\t\t\t\t<h5><strong>Un contr\u00f4le simple par t\u00e9l\u00e9commande<br \/><\/strong><\/h5><div class=\"rspbld-content\"><p>La man\u0153uvre des lames de nos pergolas bioclimatiques est assur\u00e9e par une motorisation automatique Somfy int\u00e9gr\u00e9e en s\u00e9rie et contr\u00f4l\u00e9e par t\u00e9l\u00e9commande.<\/p><p>Une simple pression permet de commander l\u2019ouverture, la fermeture, le degr\u00e9 d\u2019inclinaison des lames (jusqu\u2019\u00e0 120\u00b0), ainsi que la lumi\u00e8re.<\/p><p>Avec son toit \u00e9quip\u00e9 de lames orientables, la pergola bioclimatique est le meilleur moyen de <strong>moduler la temp\u00e9rature et le soleil<\/strong> sous votre abri, au gr\u00e9 de vos envies.<\/p><\/div>\t\t\t\t\t\t<\/div>\n\t\t\t\t<\/div>\n\t\t\t\t\t<\/div>\n\t\t<\/div>\n\t\t\t\t<div class=\"elementor-column elementor-col-50 elementor-inner-column elementor-element elementor-element-75d6cea\" data-id=\"75d6cea\" data-element_type=\"column\">\n\t\t\t<div class=\"elementor-widget-wrap elementor-element-populated\">\n\t\t\t\t\t\t\t\t<div class=\"elementor-element elementor-element-a14988f elementor-widget elementor-widget-image\" data-id=\"a14988f\" data-element_type=\"widget\" data-widget_type=\"image.default\">\n\t\t\t\t<div class=\"elementor-widget-container\">\n\t\t\t\t\t\t\t\t\t\t\t\t\t\t\t<img loading=\"lazy\" decoding=\"async\" width=\"1024\" height=\"1024\" src=\"https:\/\/www.dgco-fermetures.com\/wp-content\/uploads\/2023\/01\/pergola2-1024x1024.jpg\" class=\"attachment-large size-large\" alt=\"\" srcset=\"https:\/\/www.dgco-fermetures.com\/wp-content\/uploads\/2023\/01\/pergola2.jpg 1024w, https:\/\/www.dgco-fermetures.com\/wp-content\/uploads\/2023\/01\/pergola2-300x300.jpg 300w, https:\/\/www.dgco-fermetures.com\/wp-content\/uploads\/2023\/01\/pergola2-150x150.jpg 150w, https:\/\/www.dgco-fermetures.com\/wp-content\/uploads\/2023\/01\/pergola2-768x768.jpg 768w\" sizes=\"auto, (max-width: 1024px) 100vw, 1024px\" \/>\t\t\t\t\t\t\t\t\t\t\t\t\t\t\t<\/div>\n\t\t\t\t<\/div>\n\t\t\t\t\t<\/div>\n\t\t<\/div>\n\t\t\t\t\t\t\t<\/div>\n\t\t<\/section>\n\t\t\t\t\t<\/div>\n\t\t<\/div>\n\t\t\t\t\t\t\t<\/div>\n\t\t<\/section>\n\t\t\t\t<section class=\"elementor-section elementor-top-section elementor-element elementor-element-fe7bcd5 elementor-section-boxed elementor-section-height-default elementor-section-height-default\" data-id=\"fe7bcd5\" data-element_type=\"section\">\n\t\t\t\t\t\t<div class=\"elementor-container elementor-column-gap-default\">\n\t\t\t\t\t<div class=\"elementor-column elementor-col-100 elementor-top-column elementor-element elementor-element-6b586c2\" data-id=\"6b586c2\" data-element_type=\"column\">\n\t\t\t<div class=\"elementor-widget-wrap elementor-element-populated\">\n\t\t\t\t\t\t\t\t<div class=\"elementor-element elementor-element-de4884f elementor-align-center elementor-widget elementor-widget-button\" data-id=\"de4884f\" data-element_type=\"widget\" data-widget_type=\"button.default\">\n\t\t\t\t<div class=\"elementor-widget-container\">\n\t\t\t\t\t<div class=\"elementor-button-wrapper\">\n\t\t\t<a href=\"http:\/\/www.dgco-fermetures.com\/index.php\/contact\/\" class=\"elementor-button-link elementor-button elementor-size-md\" role=\"button\">\n\t\t\t\t\t\t<span class=\"elementor-button-content-wrapper\">\n\t\t\t\t\t\t<span class=\"elementor-button-text\">CONTACTEZ-NOUS<\/span>\n\t\t<\/span>\n\t\t\t\t\t<\/a>\n\t\t<\/div>\n\t\t\t\t<\/div>\n\t\t\t\t<\/div>\n\t\t\t\t\t<\/div>\n\t\t<\/div>\n\t\t\t\t\t\t\t<\/div>\n\t\t<\/section>\n\t\t\t\t<section class=\"elementor-section elementor-top-section elementor-element elementor-element-2127272b elementor-section-height-min-height elementor-section-boxed elementor-section-height-default elementor-section-items-middle\" data-id=\"2127272b\" data-element_type=\"section\" data-settings=\"{&quot;background_background&quot;:&quot;classic&quot;}\">\n\t\t\t\t\t\t<div class=\"elementor-container elementor-column-gap-no\">\n\t\t\t\t\t<div class=\"elementor-column elementor-col-33 elementor-top-column elementor-element elementor-element-2f77ef4a\" data-id=\"2f77ef4a\" data-element_type=\"column\">\n\t\t\t<div class=\"elementor-widget-wrap elementor-element-populated\">\n\t\t\t\t\t\t\t\t<div class=\"elementor-element elementor-element-5c7610ee elementor-position-left elementor-vertical-align-middle elementor-view-default elementor-mobile-position-top elementor-widget elementor-widget-icon-box\" data-id=\"5c7610ee\" data-element_type=\"widget\" data-widget_type=\"icon-box.default\">\n\t\t\t\t<div class=\"elementor-widget-container\">\n\t\t\t<link rel=\"stylesheet\" href=\"http:\/\/www.dgco-fermetures.com\/wp-content\/plugins\/elementor\/assets\/css\/widget-icon-box.min.css\">\t\t<div class=\"elementor-icon-box-wrapper\">\n\t\t\t\t\t\t<div class=\"elementor-icon-box-icon\">\n\t\t\t\t<span class=\"elementor-icon elementor-animation-\" >\n\t\t\t\t<i aria-hidden=\"true\" class=\"fas fa-phone-alt\"><\/i>\t\t\t\t<\/span>\n\t\t\t<\/div>\n\t\t\t\t\t\t<div class=\"elementor-icon-box-content\">\n\t\t\t\t<h6 class=\"elementor-icon-box-title\">\n\t\t\t\t\t<span  >\n\t\t\t\t\t\t06 20 21 17 08\t\t\t\t\t<\/span>\n\t\t\t\t<\/h6>\n\t\t\t\t\t\t\t\t\t<p class=\"elementor-icon-box-description\">\n\t\t\t\t\t\t 67370 Schnersheim \t\t\t\t\t<\/p>\n\t\t\t\t\t\t\t<\/div>\n\t\t<\/div>\n\t\t\t\t<\/div>\n\t\t\t\t<\/div>\n\t\t\t\t\t<\/div>\n\t\t<\/div>\n\t\t\t\t<div class=\"elementor-column elementor-col-33 elementor-top-column elementor-element elementor-element-2a5703b9\" data-id=\"2a5703b9\" data-element_type=\"column\">\n\t\t\t<div class=\"elementor-widget-wrap elementor-element-populated\">\n\t\t\t\t\t\t\t\t<div class=\"elementor-element elementor-element-1a936e0d elementor-position-left elementor-vertical-align-middle elementor-view-default elementor-mobile-position-top elementor-widget elementor-widget-icon-box\" data-id=\"1a936e0d\" data-element_type=\"widget\" data-widget_type=\"icon-box.default\">\n\t\t\t\t<div class=\"elementor-widget-container\">\n\t\t\t\t\t<div class=\"elementor-icon-box-wrapper\">\n\t\t\t\t\t\t<div class=\"elementor-icon-box-icon\">\n\t\t\t\t<a class=\"elementor-icon elementor-animation-\" href=\"mailto:contactdgcofermetures@gmail.com\">\n\t\t\t\t<i aria-hidden=\"true\" class=\"fas fa-mail-bulk\"><\/i>\t\t\t\t<\/a>\n\t\t\t<\/div>\n\t\t\t\t\t\t<div class=\"elementor-icon-box-content\">\n\t\t\t\t<h6 class=\"elementor-icon-box-title\">\n\t\t\t\t\t<a href=\"mailto:contactdgcofermetures@gmail.com\" >\n\t\t\t\t\t\tEmail :\t\t\t\t\t<\/a>\n\t\t\t\t<\/h6>\n\t\t\t\t\t\t\t\t\t<p class=\"elementor-icon-box-description\">\n\t\t\t\t\t\tcontactdgcofermetures@gmail.com\t\t\t\t\t<\/p>\n\t\t\t\t\t\t\t<\/div>\n\t\t<\/div>\n\t\t\t\t<\/div>\n\t\t\t\t<\/div>\n\t\t\t\t\t<\/div>\n\t\t<\/div>\n\t\t\t\t<div class=\"elementor-column elementor-col-33 elementor-top-column elementor-element elementor-element-12d14531\" data-id=\"12d14531\" data-element_type=\"column\">\n\t\t\t<div class=\"elementor-widget-wrap elementor-element-populated\">\n\t\t\t\t\t\t\t\t<div class=\"elementor-element elementor-element-54b3f612 elementor-position-left elementor-vertical-align-middle elementor-view-default elementor-mobile-position-top elementor-widget elementor-widget-icon-box\" data-id=\"54b3f612\" data-element_type=\"widget\" data-widget_type=\"icon-box.default\">\n\t\t\t\t<div class=\"elementor-widget-container\">\n\t\t\t\t\t<div class=\"elementor-icon-box-wrapper\">\n\t\t\t\t\t\t<div class=\"elementor-icon-box-icon\">\n\t\t\t\t<span class=\"elementor-icon elementor-animation-\" >\n\t\t\t\t<i aria-hidden=\"true\" class=\"fas fa-clock\"><\/i>\t\t\t\t<\/span>\n\t\t\t<\/div>\n\t\t\t\t\t\t<div class=\"elementor-icon-box-content\">\n\t\t\t\t<h6 class=\"elementor-icon-box-title\">\n\t\t\t\t\t<span  >\n\t\t\t\t\t\tHoraires :\u200b\t\t\t\t\t<\/span>\n\t\t\t\t<\/h6>\n\t\t\t\t\t\t\t\t\t<p class=\"elementor-icon-box-description\">\n\t\t\t\t\t\tLundi au vendredi : 8h-17h\u200b\t\t\t\t\t<\/p>\n\t\t\t\t\t\t\t<\/div>\n\t\t<\/div>\n\t\t\t\t<\/div>\n\t\t\t\t<\/div>\n\t\t\t\t\t<\/div>\n\t\t<\/div>\n\t\t\t\t\t\t\t<\/div>\n\t\t<\/section>\n\t\t\t\t\t\t\t<\/div>\n\t\t","protected":false},"excerpt":{"rendered":"<p>Les pergolas Vivez \u00e0 l\u2019ext\u00e9rieur comme \u00e0 l\u2019int\u00e9rieur gr\u00e2ce \u00e0 notre pergola bioclimatique \u00e0 lames orientables Vivez \u00e0 l\u2019ext\u00e9rieur comme \u00e0 l\u2019int\u00e9rieur gr\u00e2ce \u00e0 notre pergola bioclimatique \u00e0 lames orientables. Parfait mariage entre design \u00e9pur\u00e9 et performance technique, notre gamme se d\u00e9marque par ses finitions soign\u00e9es, avec ses m\u00e9canismes non apparents. \u00c9l\u00e9gantes et se fondant &hellip;<\/p>\n<p class=\"read-more\"> <a class=\"\" href=\"https:\/\/www.dgco-fermetures.com\/index.php\/pergolas\/\"> <span class=\"screen-reader-text\">PERGOLAS<\/span> Lire la suite\u00a0\u00bb<\/a><\/p>\n","protected":false},"author":1,"featured_media":0,"parent":0,"menu_order":0,"comment_status":"closed","ping_status":"closed","template":"","meta":{"site-sidebar-layout":"no-sidebar","site-content-layout":"page-builder","ast-global-header-display":"","ast-main-header-display":"","ast-hfb-above-header-display":"","ast-hfb-below-header-display":"","ast-hfb-mobile-header-display":"","site-post-title":"disabled","ast-breadcrumbs-content":"","ast-featured-img":"disabled","footer-sml-layout":"","theme-transparent-header-meta":"","adv-header-id-meta":"","stick-header-meta":"","header-above-stick-meta":"","header-main-stick-meta":"","header-below-stick-meta":"","_themeisle_gutenberg_block_has_review":false,"footnotes":""},"class_list":["post-1137","page","type-page","status-publish","hentry"],"uagb_featured_image_src":{"full":false,"thumbnail":false,"medium":false,"medium_large":false,"large":false,"1536x1536":false,"2048x2048":false},"uagb_author_info":{"display_name":"admin9838","author_link":"https:\/\/www.dgco-fermetures.com\/index.php\/author\/admin9838\/"},"uagb_comment_info":0,"uagb_excerpt":"Les pergolas Vivez \u00e0 l\u2019ext\u00e9rieur comme \u00e0 l\u2019int\u00e9rieur gr\u00e2ce \u00e0 notre pergola bioclimatique \u00e0 lames orientables Vivez \u00e0 l\u2019ext\u00e9rieur comme \u00e0 l\u2019int\u00e9rieur gr\u00e2ce \u00e0 notre pergola bioclimatique \u00e0 lames orientables. Parfait mariage entre design \u00e9pur\u00e9 et performance technique, notre gamme se d\u00e9marque par ses finitions soign\u00e9es, avec ses m\u00e9canismes non apparents. \u00c9l\u00e9gantes et se fondant\u2026","_links":{"self":[{"href":"https:\/\/www.dgco-fermetures.com\/index.php\/wp-json\/wp\/v2\/pages\/1137","targetHints":{"allow":["GET"]}}],"collection":[{"href":"https:\/\/www.dgco-fermetures.com\/index.php\/wp-json\/wp\/v2\/pages"}],"about":[{"href":"https:\/\/www.dgco-fermetures.com\/index.php\/wp-json\/wp\/v2\/types\/page"}],"author":[{"embeddable":true,"href":"https:\/\/www.dgco-fermetures.com\/index.php\/wp-json\/wp\/v2\/users\/1"}],"replies":[{"embeddable":true,"href":"https:\/\/www.dgco-fermetures.com\/index.php\/wp-json\/wp\/v2\/comments?post=1137"}],"version-history":[{"count":31,"href":"https:\/\/www.dgco-fermetures.com\/index.php\/wp-json\/wp\/v2\/pages\/1137\/revisions"}],"predecessor-version":[{"id":1780,"href":"https:\/\/www.dgco-fermetures.com\/index.php\/wp-json\/wp\/v2\/pages\/1137\/revisions\/1780"}],"wp:attachment":[{"href":"https:\/\/www.dgco-fermetures.com\/index.php\/wp-json\/wp\/v2\/media?parent=1137"}],"curies":[{"name":"wp","href":"https:\/\/api.w.org\/{rel}","templated":true}]}}