{"id":1142,"date":"2022-10-21T11:55:39","date_gmt":"2022-10-21T09:55:39","guid":{"rendered":"http:\/\/www.dgco-fermetures.com\/?page_id=1142"},"modified":"2023-04-13T18:07:13","modified_gmt":"2023-04-13T16:07:13","slug":"portes","status":"publish","type":"page","link":"https:\/\/www.dgco-fermetures.com\/index.php\/portes\/","title":{"rendered":"PORTES"},"content":{"rendered":"\t\t<div data-elementor-type=\"wp-page\" data-elementor-id=\"1142\" class=\"elementor elementor-1142\">\n\t\t\t\t\t\t\t\t\t<section class=\"elementor-section elementor-top-section elementor-element elementor-element-9ad7262 elementor-section-boxed elementor-section-height-default elementor-section-height-default\" data-id=\"9ad7262\" data-element_type=\"section\" data-settings=\"{&quot;background_background&quot;:&quot;slideshow&quot;,&quot;background_slideshow_gallery&quot;:[{&quot;id&quot;:1243,&quot;url&quot;:&quot;http:\\\/\\\/www.dgco-fermetures.com\\\/wp-content\\\/uploads\\\/2022\\\/12\\\/banner3-site-dgco.jpg&quot;}],&quot;background_slideshow_loop&quot;:&quot;yes&quot;,&quot;background_slideshow_slide_duration&quot;:5000,&quot;background_slideshow_slide_transition&quot;:&quot;fade&quot;,&quot;background_slideshow_transition_duration&quot;:500}\">\n\t\t\t\t\t\t<div class=\"elementor-container elementor-column-gap-no\">\n\t\t\t\t\t<div class=\"elementor-column elementor-col-100 elementor-top-column elementor-element elementor-element-b5e0cc3\" data-id=\"b5e0cc3\" data-element_type=\"column\">\n\t\t\t<div class=\"elementor-widget-wrap elementor-element-populated\">\n\t\t\t\t\t\t\t\t<div class=\"elementor-element elementor-element-fcdcf23 elementor-widget elementor-widget-heading\" data-id=\"fcdcf23\" data-element_type=\"widget\" data-widget_type=\"heading.default\">\n\t\t\t\t<div class=\"elementor-widget-container\">\n\t\t\t<style>\/*! elementor - v3.8.1 - 13-11-2022 *\/\n.elementor-heading-title{padding:0;margin:0;line-height:1}.elementor-widget-heading .elementor-heading-title[class*=elementor-size-]>a{color:inherit;font-size:inherit;line-height:inherit}.elementor-widget-heading .elementor-heading-title.elementor-size-small{font-size:15px}.elementor-widget-heading .elementor-heading-title.elementor-size-medium{font-size:19px}.elementor-widget-heading .elementor-heading-title.elementor-size-large{font-size:29px}.elementor-widget-heading .elementor-heading-title.elementor-size-xl{font-size:39px}.elementor-widget-heading .elementor-heading-title.elementor-size-xxl{font-size:59px}<\/style><h1 class=\"elementor-heading-title elementor-size-default\">Les portes<\/h1>\t\t<\/div>\n\t\t\t\t<\/div>\n\t\t\t\t\t<\/div>\n\t\t<\/div>\n\t\t\t\t\t\t\t<\/div>\n\t\t<\/section>\n\t\t\t\t<section class=\"elementor-section elementor-top-section elementor-element elementor-element-4baa3df elementor-section-boxed elementor-section-height-default elementor-section-height-default\" data-id=\"4baa3df\" data-element_type=\"section\">\n\t\t\t\t\t\t<div class=\"elementor-container elementor-column-gap-default\">\n\t\t\t\t\t<div class=\"elementor-column elementor-col-100 elementor-top-column elementor-element elementor-element-f81c427\" data-id=\"f81c427\" data-element_type=\"column\">\n\t\t\t<div class=\"elementor-widget-wrap elementor-element-populated\">\n\t\t\t\t\t\t\t\t<div class=\"elementor-element elementor-element-0335b5c elementor-widget elementor-widget-text-editor\" data-id=\"0335b5c\" data-element_type=\"widget\" data-widget_type=\"text-editor.default\">\n\t\t\t\t<div class=\"elementor-widget-container\">\n\t\t\t<style>\/*! elementor - v3.8.1 - 13-11-2022 *\/\n.elementor-widget-text-editor.elementor-drop-cap-view-stacked .elementor-drop-cap{background-color:#818a91;color:#fff}.elementor-widget-text-editor.elementor-drop-cap-view-framed .elementor-drop-cap{color:#818a91;border:3px solid;background-color:transparent}.elementor-widget-text-editor:not(.elementor-drop-cap-view-default) .elementor-drop-cap{margin-top:8px}.elementor-widget-text-editor:not(.elementor-drop-cap-view-default) .elementor-drop-cap-letter{width:1em;height:1em}.elementor-widget-text-editor .elementor-drop-cap{float:left;text-align:center;line-height:1;font-size:50px}.elementor-widget-text-editor .elementor-drop-cap-letter{display:inline-block}<\/style>\t\t\t\t<h6><strong>R\u00e9novation ou projet neuf, nous avons les solutions adapt\u00e9es !<\/strong><\/h6><p>Suivant le choix de mati\u00e8re (PVC &#8211; ALU &#8211; BOIS &#8211; MIXTE (ou Bois\/Alu), nous proposons plusieurs gammes de fermetures afin d\u2019adapter la menuiserie \u00e0 votre projet. Avec nos partenaires, nous visons la qualit\u00e9 au meilleur prix ! Cela n\u2019a que des avantages pour vous : isolation \u2013 \u00e9tanch\u00e9it\u00e9 \u2013 long\u00e9vit\u00e9 \u2013 \u00e9conomies d\u2019\u00e9nergies, etc.\n<\/p>\t\t\t\t\t\t<\/div>\n\t\t\t\t<\/div>\n\t\t\t\t\t<\/div>\n\t\t<\/div>\n\t\t\t\t\t\t\t<\/div>\n\t\t<\/section>\n\t\t\t\t<section class=\"elementor-section elementor-top-section elementor-element elementor-element-b1bf8c7 elementor-section-boxed elementor-section-height-default elementor-section-height-default\" data-id=\"b1bf8c7\" data-element_type=\"section\">\n\t\t\t\t\t\t<div class=\"elementor-container elementor-column-gap-default\">\n\t\t\t\t\t<div class=\"elementor-column elementor-col-100 elementor-top-column elementor-element elementor-element-e4f65ca\" data-id=\"e4f65ca\" data-element_type=\"column\">\n\t\t\t<div class=\"elementor-widget-wrap elementor-element-populated\">\n\t\t\t\t\t\t\t\t<section class=\"elementor-section elementor-inner-section elementor-element elementor-element-5da74c7 elementor-section-boxed elementor-section-height-default elementor-section-height-default\" data-id=\"5da74c7\" data-element_type=\"section\" data-settings=\"{&quot;background_background&quot;:&quot;classic&quot;}\">\n\t\t\t\t\t\t<div class=\"elementor-container elementor-column-gap-default\">\n\t\t\t\t\t<div class=\"elementor-column elementor-col-50 elementor-inner-column elementor-element elementor-element-d21aaea\" data-id=\"d21aaea\" data-element_type=\"column\">\n\t\t\t<div class=\"elementor-widget-wrap elementor-element-populated\">\n\t\t\t\t\t\t\t\t<div class=\"elementor-element elementor-element-fc4f30a elementor-widget elementor-widget-text-editor\" data-id=\"fc4f30a\" data-element_type=\"widget\" data-widget_type=\"text-editor.default\">\n\t\t\t\t<div class=\"elementor-widget-container\">\n\t\t\t\t\t\t\t<h5><strong>Les portes en PVC<br \/><\/strong><\/h5><p class=\"pvc\">Nos fermetures PVC poss\u00e8dent toutes des particularit\u00e9s et des avantages de s\u00e9rie par rapport aux autres produits pr\u00e9sents sur le march\u00e9. Ces particularit\u00e9s vous garantissent un produit simplement meilleur, plus \u00e9tanche et plus durable. D\u00e9couvrez un choix immense de design de panneaux de portes, allant du classique \u00e0 l&rsquo;ultra moderne, en passant par des mod\u00e8les vitr\u00e9s et intemporels.<\/p><p class=\"pvc\">Destin\u00e9e \u00e0 tous les types de constructions neuves ou de r\u00e9novations, avec un rapport qualit\u00e9\/prix imbattable !<\/p>\t\t\t\t\t\t<\/div>\n\t\t\t\t<\/div>\n\t\t\t\t\t<\/div>\n\t\t<\/div>\n\t\t\t\t<div class=\"elementor-column elementor-col-50 elementor-inner-column elementor-element elementor-element-7ae989e\" data-id=\"7ae989e\" data-element_type=\"column\">\n\t\t\t<div class=\"elementor-widget-wrap elementor-element-populated\">\n\t\t\t\t\t\t\t\t<div class=\"elementor-element elementor-element-3e50c9b elementor-widget elementor-widget-image\" data-id=\"3e50c9b\" data-element_type=\"widget\" data-widget_type=\"image.default\">\n\t\t\t\t<div class=\"elementor-widget-container\">\n\t\t\t<style>\/*! elementor - v3.8.1 - 13-11-2022 *\/\n.elementor-widget-image{text-align:center}.elementor-widget-image a{display:inline-block}.elementor-widget-image a img[src$=\".svg\"]{width:48px}.elementor-widget-image img{vertical-align:middle;display:inline-block}<\/style>\t\t\t\t\t\t\t\t\t\t\t\t<img loading=\"lazy\" decoding=\"async\" width=\"699\" height=\"700\" src=\"https:\/\/www.dgco-fermetures.com\/wp-content\/uploads\/2022\/12\/portesPVC.jpg\" class=\"attachment-large size-large\" alt=\"\" srcset=\"https:\/\/www.dgco-fermetures.com\/wp-content\/uploads\/2022\/12\/portesPVC.jpg 699w, https:\/\/www.dgco-fermetures.com\/wp-content\/uploads\/2022\/12\/portesPVC-300x300.jpg 300w, https:\/\/www.dgco-fermetures.com\/wp-content\/uploads\/2022\/12\/portesPVC-150x150.jpg 150w\" sizes=\"auto, (max-width: 699px) 100vw, 699px\" \/>\t\t\t\t\t\t\t\t\t\t\t\t\t\t\t<\/div>\n\t\t\t\t<\/div>\n\t\t\t\t\t<\/div>\n\t\t<\/div>\n\t\t\t\t\t\t\t<\/div>\n\t\t<\/section>\n\t\t\t\t<section class=\"elementor-section elementor-inner-section elementor-element elementor-element-3342abe elementor-section-boxed elementor-section-height-default elementor-section-height-default\" data-id=\"3342abe\" data-element_type=\"section\">\n\t\t\t\t\t\t<div class=\"elementor-container elementor-column-gap-default\">\n\t\t\t\t\t<div class=\"elementor-column elementor-col-50 elementor-inner-column elementor-element elementor-element-b1072a2\" data-id=\"b1072a2\" data-element_type=\"column\">\n\t\t\t<div class=\"elementor-widget-wrap elementor-element-populated\">\n\t\t\t\t\t\t\t\t<div class=\"elementor-element elementor-element-132c583 elementor-widget elementor-widget-image\" data-id=\"132c583\" data-element_type=\"widget\" data-widget_type=\"image.default\">\n\t\t\t\t<div class=\"elementor-widget-container\">\n\t\t\t\t\t\t\t\t\t\t\t\t\t\t\t<img loading=\"lazy\" decoding=\"async\" width=\"1024\" height=\"1024\" src=\"https:\/\/www.dgco-fermetures.com\/wp-content\/uploads\/2023\/01\/dgco-portealu-1024x1024.jpg\" class=\"attachment-large size-large\" alt=\"\" srcset=\"https:\/\/www.dgco-fermetures.com\/wp-content\/uploads\/2023\/01\/dgco-portealu.jpg 1024w, https:\/\/www.dgco-fermetures.com\/wp-content\/uploads\/2023\/01\/dgco-portealu-300x300.jpg 300w, https:\/\/www.dgco-fermetures.com\/wp-content\/uploads\/2023\/01\/dgco-portealu-150x150.jpg 150w, https:\/\/www.dgco-fermetures.com\/wp-content\/uploads\/2023\/01\/dgco-portealu-768x768.jpg 768w\" sizes=\"auto, (max-width: 1024px) 100vw, 1024px\" \/>\t\t\t\t\t\t\t\t\t\t\t\t\t\t\t<\/div>\n\t\t\t\t<\/div>\n\t\t\t\t\t<\/div>\n\t\t<\/div>\n\t\t\t\t<div class=\"elementor-column elementor-col-50 elementor-inner-column elementor-element elementor-element-b15f487\" data-id=\"b15f487\" data-element_type=\"column\">\n\t\t\t<div class=\"elementor-widget-wrap elementor-element-populated\">\n\t\t\t\t\t\t\t\t<div class=\"elementor-element elementor-element-782a1dc elementor-widget elementor-widget-text-editor\" data-id=\"782a1dc\" data-element_type=\"widget\" data-widget_type=\"text-editor.default\">\n\t\t\t\t<div class=\"elementor-widget-container\">\n\t\t\t\t\t\t\t<h5><strong>Les portes en aluminium<\/strong><\/h5><p class=\"text-justify\">La porte en aluminium poss\u00e8de une grande stabilit\u00e9 et une efficacit\u00e9 \u00e9nerg\u00e9tique tr\u00e8s performante gr\u00e2ce \u00e0 son profil\u00e9 exclusif \u00e0 double rupture de pont thermique ! Ses mod\u00e8les aux design \u00e9l\u00e9gants, contemporains et leurs qualit\u00e9s d&rsquo;ex\u00e9cution en font la porte parfaite pour embellir une construction neuve.<\/p>\t\t\t\t\t\t<\/div>\n\t\t\t\t<\/div>\n\t\t\t\t\t<\/div>\n\t\t<\/div>\n\t\t\t\t\t\t\t<\/div>\n\t\t<\/section>\n\t\t\t\t<section class=\"elementor-section elementor-inner-section elementor-element elementor-element-e62d4d2 elementor-section-boxed elementor-section-height-default elementor-section-height-default\" data-id=\"e62d4d2\" data-element_type=\"section\" data-settings=\"{&quot;background_background&quot;:&quot;classic&quot;}\">\n\t\t\t\t\t\t<div class=\"elementor-container elementor-column-gap-default\">\n\t\t\t\t\t<div class=\"elementor-column elementor-col-50 elementor-inner-column elementor-element elementor-element-2765736\" data-id=\"2765736\" data-element_type=\"column\">\n\t\t\t<div class=\"elementor-widget-wrap elementor-element-populated\">\n\t\t\t\t\t\t\t\t<div class=\"elementor-element elementor-element-f02cb3e elementor-widget elementor-widget-text-editor\" data-id=\"f02cb3e\" data-element_type=\"widget\" data-widget_type=\"text-editor.default\">\n\t\t\t\t<div class=\"elementor-widget-container\">\n\t\t\t\t\t\t\t<h5><strong>Les portes en bois<\/strong><\/h5><p>Plus chaleureuses que le PVC ou l\u2019aluminium, nos fermetures bois se marient parfaitement avec les projets de r\u00e9novation aux tendances classiques jusqu\u2019au b\u00e2timent neuf PASSIF. Nous proposons \u00e9galement des produits r\u00e9pondants aux exigences des b\u00e2timents de France. Nos fen\u00eatres bois peuvent \u00eatre garanties 10 ans ! (m\u00eame les lasures \u00e0 l&rsquo;ext\u00e9rieur). Plus de 100 mod\u00e8les de portes disponibles !<\/p><p>Nous proposons une gamme avec un profil\u00e9 id\u00e9al pour la r\u00e9novation comme pour le neuf. Avec son rejet d&rsquo;eau aluminium, cette porte dispose d&rsquo;une bonne stabilit\u00e9.<\/p>\t\t\t\t\t\t<\/div>\n\t\t\t\t<\/div>\n\t\t\t\t\t<\/div>\n\t\t<\/div>\n\t\t\t\t<div class=\"elementor-column elementor-col-50 elementor-inner-column elementor-element elementor-element-75d6cea\" data-id=\"75d6cea\" data-element_type=\"column\">\n\t\t\t<div class=\"elementor-widget-wrap elementor-element-populated\">\n\t\t\t\t\t\t\t\t<div class=\"elementor-element elementor-element-a14988f elementor-widget elementor-widget-image\" data-id=\"a14988f\" data-element_type=\"widget\" data-widget_type=\"image.default\">\n\t\t\t\t<div class=\"elementor-widget-container\">\n\t\t\t\t\t\t\t\t\t\t\t\t\t\t\t<img loading=\"lazy\" decoding=\"async\" width=\"700\" height=\"700\" src=\"https:\/\/www.dgco-fermetures.com\/wp-content\/uploads\/2022\/10\/BOIS_Gamme_HF68_1400x700-2.jpg\" class=\"attachment-large size-large\" alt=\"\" srcset=\"https:\/\/www.dgco-fermetures.com\/wp-content\/uploads\/2022\/10\/BOIS_Gamme_HF68_1400x700-2.jpg 700w, https:\/\/www.dgco-fermetures.com\/wp-content\/uploads\/2022\/10\/BOIS_Gamme_HF68_1400x700-2-300x300.jpg 300w, https:\/\/www.dgco-fermetures.com\/wp-content\/uploads\/2022\/10\/BOIS_Gamme_HF68_1400x700-2-150x150.jpg 150w\" sizes=\"auto, (max-width: 700px) 100vw, 700px\" \/>\t\t\t\t\t\t\t\t\t\t\t\t\t\t\t<\/div>\n\t\t\t\t<\/div>\n\t\t\t\t\t<\/div>\n\t\t<\/div>\n\t\t\t\t\t\t\t<\/div>\n\t\t<\/section>\n\t\t\t\t<section class=\"elementor-section elementor-inner-section elementor-element elementor-element-753f809 elementor-section-boxed elementor-section-height-default elementor-section-height-default\" data-id=\"753f809\" data-element_type=\"section\">\n\t\t\t\t\t\t<div class=\"elementor-container elementor-column-gap-default\">\n\t\t\t\t\t<div class=\"elementor-column elementor-col-50 elementor-inner-column elementor-element elementor-element-6806690\" data-id=\"6806690\" data-element_type=\"column\">\n\t\t\t<div class=\"elementor-widget-wrap elementor-element-populated\">\n\t\t\t\t\t\t\t\t<div class=\"elementor-element elementor-element-8760eac elementor-widget elementor-widget-image\" data-id=\"8760eac\" data-element_type=\"widget\" data-widget_type=\"image.default\">\n\t\t\t\t<div class=\"elementor-widget-container\">\n\t\t\t\t\t\t\t\t\t\t\t\t\t\t\t<img loading=\"lazy\" decoding=\"async\" width=\"700\" height=\"700\" src=\"https:\/\/www.dgco-fermetures.com\/wp-content\/uploads\/2022\/10\/ALUBOIS_Gamme_AHF80_1400x700.jpg\" class=\"attachment-large size-large\" alt=\"\" srcset=\"https:\/\/www.dgco-fermetures.com\/wp-content\/uploads\/2022\/10\/ALUBOIS_Gamme_AHF80_1400x700.jpg 700w, https:\/\/www.dgco-fermetures.com\/wp-content\/uploads\/2022\/10\/ALUBOIS_Gamme_AHF80_1400x700-300x300.jpg 300w, https:\/\/www.dgco-fermetures.com\/wp-content\/uploads\/2022\/10\/ALUBOIS_Gamme_AHF80_1400x700-150x150.jpg 150w\" sizes=\"auto, (max-width: 700px) 100vw, 700px\" \/>\t\t\t\t\t\t\t\t\t\t\t\t\t\t\t<\/div>\n\t\t\t\t<\/div>\n\t\t\t\t\t<\/div>\n\t\t<\/div>\n\t\t\t\t<div class=\"elementor-column elementor-col-50 elementor-inner-column elementor-element elementor-element-aa5ec01\" data-id=\"aa5ec01\" data-element_type=\"column\">\n\t\t\t<div class=\"elementor-widget-wrap elementor-element-populated\">\n\t\t\t\t\t\t\t\t<div class=\"elementor-element elementor-element-85793f9 elementor-widget elementor-widget-text-editor\" data-id=\"85793f9\" data-element_type=\"widget\" data-widget_type=\"text-editor.default\">\n\t\t\t\t<div class=\"elementor-widget-container\">\n\t\t\t\t\t\t\t<h5><strong>Les portes en bois-aluminium<br \/><\/strong><\/h5><p class=\"boisalu\">Qu&rsquo;il s&rsquo;agisse d&rsquo;une architecture moderne ou classique, les fermetures\u00a0Bois-Aluminium s&rsquo;y adaptent parfaitement.\u00a0Elles disposent des meilleurs atouts techniques et esth\u00e9tiques pour\u00a0des portes d&rsquo;entr\u00e9e : Beaut\u00e9 et isolation naturelle\u00a0du\u00a0bois pour votre int\u00e9rieur,\u00a0r\u00e9sistance\u00a0et modernit\u00e9 de\u00a0l&rsquo;aluminium pour votre fa\u00e7ade. Plus de 100 mod\u00e8les disponibles pour s&rsquo;adapter \u00e0 vos envies.<\/p>\t\t\t\t\t\t<\/div>\n\t\t\t\t<\/div>\n\t\t\t\t\t<\/div>\n\t\t<\/div>\n\t\t\t\t\t\t\t<\/div>\n\t\t<\/section>\n\t\t\t\t\t<\/div>\n\t\t<\/div>\n\t\t\t\t\t\t\t<\/div>\n\t\t<\/section>\n\t\t\t\t<section class=\"elementor-section elementor-top-section elementor-element elementor-element-fe7bcd5 elementor-section-boxed elementor-section-height-default elementor-section-height-default\" data-id=\"fe7bcd5\" data-element_type=\"section\">\n\t\t\t\t\t\t<div class=\"elementor-container elementor-column-gap-default\">\n\t\t\t\t\t<div class=\"elementor-column elementor-col-100 elementor-top-column elementor-element elementor-element-6b586c2\" data-id=\"6b586c2\" data-element_type=\"column\">\n\t\t\t<div class=\"elementor-widget-wrap elementor-element-populated\">\n\t\t\t\t\t\t\t\t<div class=\"elementor-element elementor-element-de4884f elementor-align-center elementor-widget elementor-widget-button\" data-id=\"de4884f\" data-element_type=\"widget\" data-widget_type=\"button.default\">\n\t\t\t\t<div class=\"elementor-widget-container\">\n\t\t\t\t\t<div class=\"elementor-button-wrapper\">\n\t\t\t<a href=\"http:\/\/www.dgco-fermetures.com\/index.php\/contact\/\" class=\"elementor-button-link elementor-button elementor-size-md\" role=\"button\">\n\t\t\t\t\t\t<span class=\"elementor-button-content-wrapper\">\n\t\t\t\t\t\t<span class=\"elementor-button-text\">CONTACTEZ-NOUS<\/span>\n\t\t<\/span>\n\t\t\t\t\t<\/a>\n\t\t<\/div>\n\t\t\t\t<\/div>\n\t\t\t\t<\/div>\n\t\t\t\t\t<\/div>\n\t\t<\/div>\n\t\t\t\t\t\t\t<\/div>\n\t\t<\/section>\n\t\t\t\t<section class=\"elementor-section elementor-top-section elementor-element elementor-element-152c13fb elementor-section-height-min-height elementor-section-boxed elementor-section-height-default elementor-section-items-middle\" data-id=\"152c13fb\" data-element_type=\"section\" data-settings=\"{&quot;background_background&quot;:&quot;classic&quot;}\">\n\t\t\t\t\t\t<div class=\"elementor-container elementor-column-gap-no\">\n\t\t\t\t\t<div class=\"elementor-column elementor-col-33 elementor-top-column elementor-element elementor-element-49fe11\" data-id=\"49fe11\" data-element_type=\"column\">\n\t\t\t<div class=\"elementor-widget-wrap elementor-element-populated\">\n\t\t\t\t\t\t\t\t<div class=\"elementor-element elementor-element-30c35d49 elementor-position-left elementor-vertical-align-middle elementor-view-default elementor-mobile-position-top elementor-widget elementor-widget-icon-box\" data-id=\"30c35d49\" data-element_type=\"widget\" data-widget_type=\"icon-box.default\">\n\t\t\t\t<div class=\"elementor-widget-container\">\n\t\t\t<link rel=\"stylesheet\" href=\"http:\/\/www.dgco-fermetures.com\/wp-content\/plugins\/elementor\/assets\/css\/widget-icon-box.min.css\">\t\t<div class=\"elementor-icon-box-wrapper\">\n\t\t\t\t\t\t<div class=\"elementor-icon-box-icon\">\n\t\t\t\t<span class=\"elementor-icon elementor-animation-\" >\n\t\t\t\t<i aria-hidden=\"true\" class=\"fas fa-phone-alt\"><\/i>\t\t\t\t<\/span>\n\t\t\t<\/div>\n\t\t\t\t\t\t<div class=\"elementor-icon-box-content\">\n\t\t\t\t<h6 class=\"elementor-icon-box-title\">\n\t\t\t\t\t<span  >\n\t\t\t\t\t\t06 20 21 17 08\t\t\t\t\t<\/span>\n\t\t\t\t<\/h6>\n\t\t\t\t\t\t\t\t\t<p class=\"elementor-icon-box-description\">\n\t\t\t\t\t\t 67370 Schnersheim \t\t\t\t\t<\/p>\n\t\t\t\t\t\t\t<\/div>\n\t\t<\/div>\n\t\t\t\t<\/div>\n\t\t\t\t<\/div>\n\t\t\t\t\t<\/div>\n\t\t<\/div>\n\t\t\t\t<div class=\"elementor-column elementor-col-33 elementor-top-column elementor-element elementor-element-4c29eaae\" data-id=\"4c29eaae\" data-element_type=\"column\">\n\t\t\t<div class=\"elementor-widget-wrap elementor-element-populated\">\n\t\t\t\t\t\t\t\t<div class=\"elementor-element elementor-element-5bccfbc9 elementor-position-left elementor-vertical-align-middle elementor-view-default elementor-mobile-position-top elementor-widget elementor-widget-icon-box\" data-id=\"5bccfbc9\" data-element_type=\"widget\" data-widget_type=\"icon-box.default\">\n\t\t\t\t<div class=\"elementor-widget-container\">\n\t\t\t\t\t<div class=\"elementor-icon-box-wrapper\">\n\t\t\t\t\t\t<div class=\"elementor-icon-box-icon\">\n\t\t\t\t<a class=\"elementor-icon elementor-animation-\" href=\"mailto:contactdgcofermetures@gmail.com\">\n\t\t\t\t<i aria-hidden=\"true\" class=\"fas fa-mail-bulk\"><\/i>\t\t\t\t<\/a>\n\t\t\t<\/div>\n\t\t\t\t\t\t<div class=\"elementor-icon-box-content\">\n\t\t\t\t<h6 class=\"elementor-icon-box-title\">\n\t\t\t\t\t<a href=\"mailto:contactdgcofermetures@gmail.com\" >\n\t\t\t\t\t\tEmail :\t\t\t\t\t<\/a>\n\t\t\t\t<\/h6>\n\t\t\t\t\t\t\t\t\t<p class=\"elementor-icon-box-description\">\n\t\t\t\t\t\tcontactdgcofermetures@gmail.com\t\t\t\t\t<\/p>\n\t\t\t\t\t\t\t<\/div>\n\t\t<\/div>\n\t\t\t\t<\/div>\n\t\t\t\t<\/div>\n\t\t\t\t\t<\/div>\n\t\t<\/div>\n\t\t\t\t<div class=\"elementor-column elementor-col-33 elementor-top-column elementor-element elementor-element-2f5668dc\" data-id=\"2f5668dc\" data-element_type=\"column\">\n\t\t\t<div class=\"elementor-widget-wrap elementor-element-populated\">\n\t\t\t\t\t\t\t\t<div class=\"elementor-element elementor-element-3eb4a412 elementor-position-left elementor-vertical-align-middle elementor-view-default elementor-mobile-position-top elementor-widget elementor-widget-icon-box\" data-id=\"3eb4a412\" data-element_type=\"widget\" data-widget_type=\"icon-box.default\">\n\t\t\t\t<div class=\"elementor-widget-container\">\n\t\t\t\t\t<div class=\"elementor-icon-box-wrapper\">\n\t\t\t\t\t\t<div class=\"elementor-icon-box-icon\">\n\t\t\t\t<span class=\"elementor-icon elementor-animation-\" >\n\t\t\t\t<i aria-hidden=\"true\" class=\"fas fa-clock\"><\/i>\t\t\t\t<\/span>\n\t\t\t<\/div>\n\t\t\t\t\t\t<div class=\"elementor-icon-box-content\">\n\t\t\t\t<h6 class=\"elementor-icon-box-title\">\n\t\t\t\t\t<span  >\n\t\t\t\t\t\tHoraires :\u200b\t\t\t\t\t<\/span>\n\t\t\t\t<\/h6>\n\t\t\t\t\t\t\t\t\t<p class=\"elementor-icon-box-description\">\n\t\t\t\t\t\tLundi au vendredi : 8h-17h\u200b\t\t\t\t\t<\/p>\n\t\t\t\t\t\t\t<\/div>\n\t\t<\/div>\n\t\t\t\t<\/div>\n\t\t\t\t<\/div>\n\t\t\t\t\t<\/div>\n\t\t<\/div>\n\t\t\t\t\t\t\t<\/div>\n\t\t<\/section>\n\t\t\t\t\t\t\t<\/div>\n\t\t","protected":false},"excerpt":{"rendered":"<p>Les portes R\u00e9novation ou projet neuf, nous avons les solutions adapt\u00e9es ! Suivant le choix de mati\u00e8re (PVC &#8211; ALU &#8211; BOIS &#8211; MIXTE (ou Bois\/Alu), nous proposons plusieurs gammes de fermetures afin d\u2019adapter la menuiserie \u00e0 votre projet. Avec nos partenaires, nous visons la qualit\u00e9 au meilleur prix ! Cela n\u2019a que des avantages &hellip;<\/p>\n<p class=\"read-more\"> <a class=\"\" href=\"https:\/\/www.dgco-fermetures.com\/index.php\/portes\/\"> <span class=\"screen-reader-text\">PORTES<\/span> Lire la suite\u00a0\u00bb<\/a><\/p>\n","protected":false},"author":1,"featured_media":0,"parent":0,"menu_order":0,"comment_status":"closed","ping_status":"closed","template":"","meta":{"site-sidebar-layout":"no-sidebar","site-content-layout":"page-builder","ast-global-header-display":"","ast-main-header-display":"","ast-hfb-above-header-display":"","ast-hfb-below-header-display":"","ast-hfb-mobile-header-display":"","site-post-title":"disabled","ast-breadcrumbs-content":"","ast-featured-img":"disabled","footer-sml-layout":"","theme-transparent-header-meta":"","adv-header-id-meta":"","stick-header-meta":"","header-above-stick-meta":"","header-main-stick-meta":"","header-below-stick-meta":"","_themeisle_gutenberg_block_has_review":false,"footnotes":""},"class_list":["post-1142","page","type-page","status-publish","hentry"],"uagb_featured_image_src":{"full":false,"thumbnail":false,"medium":false,"medium_large":false,"large":false,"1536x1536":false,"2048x2048":false},"uagb_author_info":{"display_name":"admin9838","author_link":"https:\/\/www.dgco-fermetures.com\/index.php\/author\/admin9838\/"},"uagb_comment_info":0,"uagb_excerpt":"Les portes R\u00e9novation ou projet neuf, nous avons les solutions adapt\u00e9es ! Suivant le choix de mati\u00e8re (PVC &#8211; ALU &#8211; BOIS &#8211; MIXTE (ou Bois\/Alu), nous proposons plusieurs gammes de fermetures afin d\u2019adapter la menuiserie \u00e0 votre projet. Avec nos partenaires, nous visons la qualit\u00e9 au meilleur prix ! Cela n\u2019a que des avantages\u2026","_links":{"self":[{"href":"https:\/\/www.dgco-fermetures.com\/index.php\/wp-json\/wp\/v2\/pages\/1142","targetHints":{"allow":["GET"]}}],"collection":[{"href":"https:\/\/www.dgco-fermetures.com\/index.php\/wp-json\/wp\/v2\/pages"}],"about":[{"href":"https:\/\/www.dgco-fermetures.com\/index.php\/wp-json\/wp\/v2\/types\/page"}],"author":[{"embeddable":true,"href":"https:\/\/www.dgco-fermetures.com\/index.php\/wp-json\/wp\/v2\/users\/1"}],"replies":[{"embeddable":true,"href":"https:\/\/www.dgco-fermetures.com\/index.php\/wp-json\/wp\/v2\/comments?post=1142"}],"version-history":[{"count":61,"href":"https:\/\/www.dgco-fermetures.com\/index.php\/wp-json\/wp\/v2\/pages\/1142\/revisions"}],"predecessor-version":[{"id":1789,"href":"https:\/\/www.dgco-fermetures.com\/index.php\/wp-json\/wp\/v2\/pages\/1142\/revisions\/1789"}],"wp:attachment":[{"href":"https:\/\/www.dgco-fermetures.com\/index.php\/wp-json\/wp\/v2\/media?parent=1142"}],"curies":[{"name":"wp","href":"https:\/\/api.w.org\/{rel}","templated":true}]}}