{"id":1147,"date":"2022-10-21T11:57:10","date_gmt":"2022-10-21T09:57:10","guid":{"rendered":"http:\/\/www.dgco-fermetures.com\/?page_id=1147"},"modified":"2023-04-13T18:06:46","modified_gmt":"2023-04-13T16:06:46","slug":"volets","status":"publish","type":"page","link":"https:\/\/www.dgco-fermetures.com\/index.php\/volets\/","title":{"rendered":"VOLETS"},"content":{"rendered":"\t\t<div data-elementor-type=\"wp-page\" data-elementor-id=\"1147\" class=\"elementor elementor-1147\">\n\t\t\t\t\t\t\t\t\t<section class=\"elementor-section elementor-top-section elementor-element elementor-element-9ad7262 elementor-section-boxed elementor-section-height-default elementor-section-height-default\" data-id=\"9ad7262\" data-element_type=\"section\" data-settings=\"{&quot;background_background&quot;:&quot;slideshow&quot;,&quot;background_slideshow_gallery&quot;:[{&quot;id&quot;:1243,&quot;url&quot;:&quot;http:\\\/\\\/www.dgco-fermetures.com\\\/wp-content\\\/uploads\\\/2022\\\/12\\\/banner3-site-dgco.jpg&quot;}],&quot;background_slideshow_loop&quot;:&quot;yes&quot;,&quot;background_slideshow_slide_duration&quot;:5000,&quot;background_slideshow_slide_transition&quot;:&quot;fade&quot;,&quot;background_slideshow_transition_duration&quot;:500}\">\n\t\t\t\t\t\t<div class=\"elementor-container elementor-column-gap-no\">\n\t\t\t\t\t<div class=\"elementor-column elementor-col-100 elementor-top-column elementor-element elementor-element-b5e0cc3\" data-id=\"b5e0cc3\" data-element_type=\"column\">\n\t\t\t<div class=\"elementor-widget-wrap elementor-element-populated\">\n\t\t\t\t\t\t\t\t<div class=\"elementor-element elementor-element-fcdcf23 elementor-widget elementor-widget-heading\" data-id=\"fcdcf23\" data-element_type=\"widget\" data-widget_type=\"heading.default\">\n\t\t\t\t<div class=\"elementor-widget-container\">\n\t\t\t<style>\/*! elementor - v3.8.1 - 13-11-2022 *\/\n.elementor-heading-title{padding:0;margin:0;line-height:1}.elementor-widget-heading .elementor-heading-title[class*=elementor-size-]>a{color:inherit;font-size:inherit;line-height:inherit}.elementor-widget-heading .elementor-heading-title.elementor-size-small{font-size:15px}.elementor-widget-heading .elementor-heading-title.elementor-size-medium{font-size:19px}.elementor-widget-heading .elementor-heading-title.elementor-size-large{font-size:29px}.elementor-widget-heading .elementor-heading-title.elementor-size-xl{font-size:39px}.elementor-widget-heading .elementor-heading-title.elementor-size-xxl{font-size:59px}<\/style><h1 class=\"elementor-heading-title elementor-size-default\">Les volets<\/h1>\t\t<\/div>\n\t\t\t\t<\/div>\n\t\t\t\t\t<\/div>\n\t\t<\/div>\n\t\t\t\t\t\t\t<\/div>\n\t\t<\/section>\n\t\t\t\t<section class=\"elementor-section elementor-top-section elementor-element elementor-element-bf84165 elementor-section-boxed elementor-section-height-default elementor-section-height-default\" data-id=\"bf84165\" data-element_type=\"section\">\n\t\t\t\t\t\t<div class=\"elementor-container elementor-column-gap-default\">\n\t\t\t\t\t<div class=\"elementor-column elementor-col-100 elementor-top-column elementor-element elementor-element-108e810\" data-id=\"108e810\" data-element_type=\"column\">\n\t\t\t<div class=\"elementor-widget-wrap elementor-element-populated\">\n\t\t\t\t\t\t\t\t<div class=\"elementor-element elementor-element-5846c08 elementor-widget elementor-widget-text-editor\" data-id=\"5846c08\" data-element_type=\"widget\" data-widget_type=\"text-editor.default\">\n\t\t\t\t<div class=\"elementor-widget-container\">\n\t\t\t<style>\/*! elementor - v3.8.1 - 13-11-2022 *\/\n.elementor-widget-text-editor.elementor-drop-cap-view-stacked .elementor-drop-cap{background-color:#818a91;color:#fff}.elementor-widget-text-editor.elementor-drop-cap-view-framed .elementor-drop-cap{color:#818a91;border:3px solid;background-color:transparent}.elementor-widget-text-editor:not(.elementor-drop-cap-view-default) .elementor-drop-cap{margin-top:8px}.elementor-widget-text-editor:not(.elementor-drop-cap-view-default) .elementor-drop-cap-letter{width:1em;height:1em}.elementor-widget-text-editor .elementor-drop-cap{float:left;text-align:center;line-height:1;font-size:50px}.elementor-widget-text-editor .elementor-drop-cap-letter{display:inline-block}<\/style>\t\t\t\t<h6><strong>Plusieurs mod\u00e8les de volets roulants s\u2019offrent \u00e0 vous, suivant les caract\u00e9ristiques de vos ouvertures<br><\/strong><\/h6>\n<p>Ils s&rsquo;int\u00e8grent \u00e0 l\u2019architecture de votre maison pour cr\u00e9er une harmonie parfaite entre utilit\u00e9 et esth\u00e9tisme, tout en assurant la s\u00fbret\u00e9 de votre habitat. La gamme de nos volets roulants a \u00e9galement \u00e9t\u00e9 pens\u00e9e pour r\u00e9pondre \u00e0 vos souhaits de s\u00e9curit\u00e9, d\u2019\u00e9conomie d\u2019\u00e9nergie, de r\u00e9duction des nuisances sonores et de ma\u00eetrise de la lumi\u00e8re.<\/p><div>\n<\/div>\t\t\t\t\t\t<\/div>\n\t\t\t\t<\/div>\n\t\t\t\t\t<\/div>\n\t\t<\/div>\n\t\t\t\t\t\t\t<\/div>\n\t\t<\/section>\n\t\t\t\t<section class=\"elementor-section elementor-top-section elementor-element elementor-element-b1bf8c7 elementor-section-boxed elementor-section-height-default elementor-section-height-default\" data-id=\"b1bf8c7\" data-element_type=\"section\">\n\t\t\t\t\t\t<div class=\"elementor-container elementor-column-gap-default\">\n\t\t\t\t\t<div class=\"elementor-column elementor-col-100 elementor-top-column elementor-element elementor-element-e4f65ca\" data-id=\"e4f65ca\" data-element_type=\"column\">\n\t\t\t<div class=\"elementor-widget-wrap elementor-element-populated\">\n\t\t\t\t\t\t\t\t<section class=\"elementor-section elementor-inner-section elementor-element elementor-element-0ba42e0 elementor-section-boxed elementor-section-height-default elementor-section-height-default\" data-id=\"0ba42e0\" data-element_type=\"section\" data-settings=\"{&quot;background_background&quot;:&quot;classic&quot;}\">\n\t\t\t\t\t\t<div class=\"elementor-container elementor-column-gap-default\">\n\t\t\t\t\t<div class=\"elementor-column elementor-col-50 elementor-inner-column elementor-element elementor-element-81f4526\" data-id=\"81f4526\" data-element_type=\"column\">\n\t\t\t<div class=\"elementor-widget-wrap elementor-element-populated\">\n\t\t\t\t\t\t\t\t<div class=\"elementor-element elementor-element-7b00380 elementor-widget elementor-widget-text-editor\" data-id=\"7b00380\" data-element_type=\"widget\" data-widget_type=\"text-editor.default\">\n\t\t\t\t<div class=\"elementor-widget-container\">\n\t\t\t\t\t\t\t<h5><strong>Volets roulants r\u00e9novation \u00e0 motorisation solaire<\/strong><\/h5><div id=\"articleBody290839\" class=\"article-content-body\"><p>Coffre avec ligne de style exclusive et finitions haut de gamme pour une fa\u00e7ade \u00e9l\u00e9gante.<\/p><ul><li><strong>Occultation optimale <\/strong><\/li><li>Compacit\u00e9, enroulement parfait : apport de lumi\u00e8re maximis\u00e9<\/li><li>Isolation thermique renforc\u00e9e<\/li><li>R\u00e9sistance bord de mer<\/li><li>Disponible en motorisation solaire<\/li><li>Facilit\u00e9 de pose<\/li><li>S\u00e9curit\u00e9<\/li><li>3 tailles de coffre disponibles.<\/li><li>Tablier en lames alu thermique en option.<\/li><\/ul><\/div>\t\t\t\t\t\t<\/div>\n\t\t\t\t<\/div>\n\t\t\t\t\t<\/div>\n\t\t<\/div>\n\t\t\t\t<div class=\"elementor-column elementor-col-50 elementor-inner-column elementor-element elementor-element-b013535\" data-id=\"b013535\" data-element_type=\"column\">\n\t\t\t<div class=\"elementor-widget-wrap elementor-element-populated\">\n\t\t\t\t\t\t\t\t<div class=\"elementor-element elementor-element-0be6de0 elementor-widget elementor-widget-image\" data-id=\"0be6de0\" data-element_type=\"widget\" data-widget_type=\"image.default\">\n\t\t\t\t<div class=\"elementor-widget-container\">\n\t\t\t<style>\/*! elementor - v3.8.1 - 13-11-2022 *\/\n.elementor-widget-image{text-align:center}.elementor-widget-image a{display:inline-block}.elementor-widget-image a img[src$=\".svg\"]{width:48px}.elementor-widget-image img{vertical-align:middle;display:inline-block}<\/style>\t\t\t\t\t\t\t\t\t\t\t\t<img loading=\"lazy\" decoding=\"async\" width=\"480\" height=\"480\" src=\"https:\/\/www.dgco-fermetures.com\/wp-content\/uploads\/2023\/01\/volets8.jpg\" class=\"attachment-large size-large\" alt=\"\" srcset=\"https:\/\/www.dgco-fermetures.com\/wp-content\/uploads\/2023\/01\/volets8.jpg 480w, https:\/\/www.dgco-fermetures.com\/wp-content\/uploads\/2023\/01\/volets8-300x300.jpg 300w, https:\/\/www.dgco-fermetures.com\/wp-content\/uploads\/2023\/01\/volets8-150x150.jpg 150w\" sizes=\"auto, (max-width: 480px) 100vw, 480px\" \/>\t\t\t\t\t\t\t\t\t\t\t\t\t\t\t<\/div>\n\t\t\t\t<\/div>\n\t\t\t\t\t<\/div>\n\t\t<\/div>\n\t\t\t\t\t\t\t<\/div>\n\t\t<\/section>\n\t\t\t\t<section class=\"elementor-section elementor-inner-section elementor-element elementor-element-3342abe elementor-section-boxed elementor-section-height-default elementor-section-height-default\" data-id=\"3342abe\" data-element_type=\"section\">\n\t\t\t\t\t\t<div class=\"elementor-container elementor-column-gap-default\">\n\t\t\t\t\t<div class=\"elementor-column elementor-col-50 elementor-inner-column elementor-element elementor-element-b1072a2\" data-id=\"b1072a2\" data-element_type=\"column\">\n\t\t\t<div class=\"elementor-widget-wrap elementor-element-populated\">\n\t\t\t\t\t\t\t\t<div class=\"elementor-element elementor-element-132c583 elementor-widget elementor-widget-image\" data-id=\"132c583\" data-element_type=\"widget\" data-widget_type=\"image.default\">\n\t\t\t\t<div class=\"elementor-widget-container\">\n\t\t\t\t\t\t\t\t\t\t\t\t\t\t\t<img loading=\"lazy\" decoding=\"async\" width=\"1024\" height=\"1024\" src=\"https:\/\/www.dgco-fermetures.com\/wp-content\/uploads\/2023\/01\/dgco-volets8-1024x1024.jpg\" class=\"attachment-large size-large\" alt=\"\" srcset=\"https:\/\/www.dgco-fermetures.com\/wp-content\/uploads\/2023\/01\/dgco-volets8.jpg 1024w, https:\/\/www.dgco-fermetures.com\/wp-content\/uploads\/2023\/01\/dgco-volets8-300x300.jpg 300w, https:\/\/www.dgco-fermetures.com\/wp-content\/uploads\/2023\/01\/dgco-volets8-150x150.jpg 150w, https:\/\/www.dgco-fermetures.com\/wp-content\/uploads\/2023\/01\/dgco-volets8-768x768.jpg 768w\" sizes=\"auto, (max-width: 1024px) 100vw, 1024px\" \/>\t\t\t\t\t\t\t\t\t\t\t\t\t\t\t<\/div>\n\t\t\t\t<\/div>\n\t\t\t\t\t<\/div>\n\t\t<\/div>\n\t\t\t\t<div class=\"elementor-column elementor-col-50 elementor-inner-column elementor-element elementor-element-b15f487\" data-id=\"b15f487\" data-element_type=\"column\">\n\t\t\t<div class=\"elementor-widget-wrap elementor-element-populated\">\n\t\t\t\t\t\t\t\t<div class=\"elementor-element elementor-element-782a1dc elementor-widget elementor-widget-text-editor\" data-id=\"782a1dc\" data-element_type=\"widget\" data-widget_type=\"text-editor.default\">\n\t\t\t\t<div class=\"elementor-widget-container\">\n\t\t\t\t\t\t\t<h5><strong>Volets roulants monobloc<\/strong><\/h5><p><strong>VOS AVANTAGES<\/strong><br \/><b>+ de confort<br \/>+ d&rsquo;isolation thermique<br \/>+ d&rsquo;isolation phonique<br \/>+ de solidit\u00e9<\/b><br \/><b>+ facile d&rsquo;entretien<br \/>+ personnalisable<\/b><\/p><p>\u2022 3 dimensions de caisson selon les hauteurs de<br \/>fen\u00eatres<br \/>\u2022 Caisson \u00e9tanche<br \/>\u2022 R\u00e9vision int\u00e9rieure ou basse<br \/>\u2022 Montage en usine avec renforts statiques, soyez<br \/>certains de ce que vous achetez<br \/>\u2022 Affaiblissement acoustique jusqu&rsquo;\u00e0 43 dB<\/p>\t\t\t\t\t\t<\/div>\n\t\t\t\t<\/div>\n\t\t\t\t\t<\/div>\n\t\t<\/div>\n\t\t\t\t\t\t\t<\/div>\n\t\t<\/section>\n\t\t\t\t<section class=\"elementor-section elementor-inner-section elementor-element elementor-element-02bd2da elementor-section-boxed elementor-section-height-default elementor-section-height-default\" data-id=\"02bd2da\" data-element_type=\"section\" data-settings=\"{&quot;background_background&quot;:&quot;classic&quot;}\">\n\t\t\t\t\t\t<div class=\"elementor-container elementor-column-gap-default\">\n\t\t\t\t\t<div class=\"elementor-column elementor-col-50 elementor-inner-column elementor-element elementor-element-088c099\" data-id=\"088c099\" data-element_type=\"column\">\n\t\t\t<div class=\"elementor-widget-wrap elementor-element-populated\">\n\t\t\t\t\t\t\t\t<div class=\"elementor-element elementor-element-dd8507f elementor-widget elementor-widget-text-editor\" data-id=\"dd8507f\" data-element_type=\"widget\" data-widget_type=\"text-editor.default\">\n\t\t\t\t<div class=\"elementor-widget-container\">\n\t\t\t\t\t\t\t<h5><strong>Volets roulant traditionnel pr\u00e9mont\u00e9 ou non pr\u00e9mont\u00e9<br \/><\/strong><\/h5><div><p><strong>Deux solutions tr\u00e8s compactes particuli\u00e8rement adapt\u00e9es aux constructions \u00e0 ossature bois et aux murs de faible \u00e9paisseur.<\/strong><\/p><div class=\"product-info__strength wysiwyg\"><ul><li><strong>Compacit\u00e9 et grandes dimensions<\/strong> avec jusqu\u2019\u00e0 4,5 m\u00e8tres de largeur<\/li><li><strong>S\u2019adaptent \u00e0 tous les coffres menuis\u00e9s ou ma\u00e7onn\u00e9s<\/strong>, en neuf et r\u00e9novation<\/li><li><strong>S\u00e9curit\u00e9<\/strong> avec des verrous retardateurs d\u2019effraction (jusqu\u2019\u00e0 25 kg de r\u00e9sistance aux tests de relevage)<\/li><li><strong>Grand confort d\u2019utilisation<\/strong> avec un fonctionnement tr\u00e8s silencieux<\/li><li><strong>Finitions soign\u00e9es<\/strong> avec un design arrondi des coulisses<\/li><\/ul><\/div><\/div>\t\t\t\t\t\t<\/div>\n\t\t\t\t<\/div>\n\t\t\t\t\t<\/div>\n\t\t<\/div>\n\t\t\t\t<div class=\"elementor-column elementor-col-50 elementor-inner-column elementor-element elementor-element-10fdbb1\" data-id=\"10fdbb1\" data-element_type=\"column\">\n\t\t\t<div class=\"elementor-widget-wrap elementor-element-populated\">\n\t\t\t\t\t\t\t\t<div class=\"elementor-element elementor-element-330135f elementor-widget elementor-widget-image\" data-id=\"330135f\" data-element_type=\"widget\" data-widget_type=\"image.default\">\n\t\t\t\t<div class=\"elementor-widget-container\">\n\t\t\t\t\t\t\t\t\t\t\t\t\t\t\t<img loading=\"lazy\" decoding=\"async\" width=\"1024\" height=\"1024\" src=\"https:\/\/www.dgco-fermetures.com\/wp-content\/uploads\/2023\/01\/volets02-1-1024x1024.jpg\" class=\"attachment-large size-large\" alt=\"\" srcset=\"https:\/\/www.dgco-fermetures.com\/wp-content\/uploads\/2023\/01\/volets02-1.jpg 1024w, https:\/\/www.dgco-fermetures.com\/wp-content\/uploads\/2023\/01\/volets02-1-300x300.jpg 300w, https:\/\/www.dgco-fermetures.com\/wp-content\/uploads\/2023\/01\/volets02-1-150x150.jpg 150w, https:\/\/www.dgco-fermetures.com\/wp-content\/uploads\/2023\/01\/volets02-1-768x768.jpg 768w\" sizes=\"auto, (max-width: 1024px) 100vw, 1024px\" \/>\t\t\t\t\t\t\t\t\t\t\t\t\t\t\t<\/div>\n\t\t\t\t<\/div>\n\t\t\t\t\t<\/div>\n\t\t<\/div>\n\t\t\t\t\t\t\t<\/div>\n\t\t<\/section>\n\t\t\t\t\t<\/div>\n\t\t<\/div>\n\t\t\t\t\t\t\t<\/div>\n\t\t<\/section>\n\t\t\t\t<section class=\"elementor-section elementor-top-section elementor-element elementor-element-fe7bcd5 elementor-section-boxed elementor-section-height-default elementor-section-height-default\" data-id=\"fe7bcd5\" data-element_type=\"section\">\n\t\t\t\t\t\t<div class=\"elementor-container elementor-column-gap-default\">\n\t\t\t\t\t<div class=\"elementor-column elementor-col-100 elementor-top-column elementor-element elementor-element-6b586c2\" data-id=\"6b586c2\" data-element_type=\"column\">\n\t\t\t<div class=\"elementor-widget-wrap elementor-element-populated\">\n\t\t\t\t\t\t\t\t<div class=\"elementor-element elementor-element-de4884f elementor-align-center elementor-widget elementor-widget-button\" data-id=\"de4884f\" data-element_type=\"widget\" data-widget_type=\"button.default\">\n\t\t\t\t<div class=\"elementor-widget-container\">\n\t\t\t\t\t<div class=\"elementor-button-wrapper\">\n\t\t\t<a href=\"http:\/\/www.dgco-fermetures.com\/index.php\/contact\/\" class=\"elementor-button-link elementor-button elementor-size-md\" role=\"button\">\n\t\t\t\t\t\t<span class=\"elementor-button-content-wrapper\">\n\t\t\t\t\t\t<span class=\"elementor-button-text\">CONTACTEZ-NOUS<\/span>\n\t\t<\/span>\n\t\t\t\t\t<\/a>\n\t\t<\/div>\n\t\t\t\t<\/div>\n\t\t\t\t<\/div>\n\t\t\t\t\t<\/div>\n\t\t<\/div>\n\t\t\t\t\t\t\t<\/div>\n\t\t<\/section>\n\t\t\t\t<section class=\"elementor-section elementor-top-section elementor-element elementor-element-1832d8d9 elementor-section-height-min-height elementor-section-boxed elementor-section-height-default elementor-section-items-middle\" data-id=\"1832d8d9\" data-element_type=\"section\" data-settings=\"{&quot;background_background&quot;:&quot;classic&quot;}\">\n\t\t\t\t\t\t<div class=\"elementor-container elementor-column-gap-no\">\n\t\t\t\t\t<div class=\"elementor-column elementor-col-33 elementor-top-column elementor-element elementor-element-3041e7fd\" data-id=\"3041e7fd\" data-element_type=\"column\">\n\t\t\t<div class=\"elementor-widget-wrap elementor-element-populated\">\n\t\t\t\t\t\t\t\t<div class=\"elementor-element elementor-element-345a8c39 elementor-position-left elementor-vertical-align-middle elementor-view-default elementor-mobile-position-top elementor-widget elementor-widget-icon-box\" data-id=\"345a8c39\" data-element_type=\"widget\" data-widget_type=\"icon-box.default\">\n\t\t\t\t<div class=\"elementor-widget-container\">\n\t\t\t<link rel=\"stylesheet\" href=\"http:\/\/www.dgco-fermetures.com\/wp-content\/plugins\/elementor\/assets\/css\/widget-icon-box.min.css\">\t\t<div class=\"elementor-icon-box-wrapper\">\n\t\t\t\t\t\t<div class=\"elementor-icon-box-icon\">\n\t\t\t\t<span class=\"elementor-icon elementor-animation-\" >\n\t\t\t\t<i aria-hidden=\"true\" class=\"fas fa-phone-alt\"><\/i>\t\t\t\t<\/span>\n\t\t\t<\/div>\n\t\t\t\t\t\t<div class=\"elementor-icon-box-content\">\n\t\t\t\t<h6 class=\"elementor-icon-box-title\">\n\t\t\t\t\t<span  >\n\t\t\t\t\t\t06 20 21 17 08\t\t\t\t\t<\/span>\n\t\t\t\t<\/h6>\n\t\t\t\t\t\t\t\t\t<p class=\"elementor-icon-box-description\">\n\t\t\t\t\t\t 67370 Schnersheim \t\t\t\t\t<\/p>\n\t\t\t\t\t\t\t<\/div>\n\t\t<\/div>\n\t\t\t\t<\/div>\n\t\t\t\t<\/div>\n\t\t\t\t\t<\/div>\n\t\t<\/div>\n\t\t\t\t<div class=\"elementor-column elementor-col-33 elementor-top-column elementor-element elementor-element-6f73cba8\" data-id=\"6f73cba8\" data-element_type=\"column\">\n\t\t\t<div class=\"elementor-widget-wrap elementor-element-populated\">\n\t\t\t\t\t\t\t\t<div class=\"elementor-element elementor-element-39a59b67 elementor-position-left elementor-vertical-align-middle elementor-view-default elementor-mobile-position-top elementor-widget elementor-widget-icon-box\" data-id=\"39a59b67\" data-element_type=\"widget\" data-widget_type=\"icon-box.default\">\n\t\t\t\t<div class=\"elementor-widget-container\">\n\t\t\t\t\t<div class=\"elementor-icon-box-wrapper\">\n\t\t\t\t\t\t<div class=\"elementor-icon-box-icon\">\n\t\t\t\t<a class=\"elementor-icon elementor-animation-\" href=\"mailto:contactdgcofermetures@gmail.com\">\n\t\t\t\t<i aria-hidden=\"true\" class=\"fas fa-mail-bulk\"><\/i>\t\t\t\t<\/a>\n\t\t\t<\/div>\n\t\t\t\t\t\t<div class=\"elementor-icon-box-content\">\n\t\t\t\t<h6 class=\"elementor-icon-box-title\">\n\t\t\t\t\t<a href=\"mailto:contactdgcofermetures@gmail.com\" >\n\t\t\t\t\t\tEmail :\t\t\t\t\t<\/a>\n\t\t\t\t<\/h6>\n\t\t\t\t\t\t\t\t\t<p class=\"elementor-icon-box-description\">\n\t\t\t\t\t\tcontactdgcofermetures@gmail.com\t\t\t\t\t<\/p>\n\t\t\t\t\t\t\t<\/div>\n\t\t<\/div>\n\t\t\t\t<\/div>\n\t\t\t\t<\/div>\n\t\t\t\t\t<\/div>\n\t\t<\/div>\n\t\t\t\t<div class=\"elementor-column elementor-col-33 elementor-top-column elementor-element elementor-element-36952488\" data-id=\"36952488\" data-element_type=\"column\">\n\t\t\t<div class=\"elementor-widget-wrap elementor-element-populated\">\n\t\t\t\t\t\t\t\t<div class=\"elementor-element elementor-element-53f7a9bc elementor-position-left elementor-vertical-align-middle elementor-view-default elementor-mobile-position-top elementor-widget elementor-widget-icon-box\" data-id=\"53f7a9bc\" data-element_type=\"widget\" data-widget_type=\"icon-box.default\">\n\t\t\t\t<div class=\"elementor-widget-container\">\n\t\t\t\t\t<div class=\"elementor-icon-box-wrapper\">\n\t\t\t\t\t\t<div class=\"elementor-icon-box-icon\">\n\t\t\t\t<span class=\"elementor-icon elementor-animation-\" >\n\t\t\t\t<i aria-hidden=\"true\" class=\"fas fa-clock\"><\/i>\t\t\t\t<\/span>\n\t\t\t<\/div>\n\t\t\t\t\t\t<div class=\"elementor-icon-box-content\">\n\t\t\t\t<h6 class=\"elementor-icon-box-title\">\n\t\t\t\t\t<span  >\n\t\t\t\t\t\tHoraires :\u200b\t\t\t\t\t<\/span>\n\t\t\t\t<\/h6>\n\t\t\t\t\t\t\t\t\t<p class=\"elementor-icon-box-description\">\n\t\t\t\t\t\tLundi au vendredi : 8h-17h\u200b\t\t\t\t\t<\/p>\n\t\t\t\t\t\t\t<\/div>\n\t\t<\/div>\n\t\t\t\t<\/div>\n\t\t\t\t<\/div>\n\t\t\t\t\t<\/div>\n\t\t<\/div>\n\t\t\t\t\t\t\t<\/div>\n\t\t<\/section>\n\t\t\t\t\t\t\t<\/div>\n\t\t","protected":false},"excerpt":{"rendered":"<p>Les volets Plusieurs mod\u00e8les de volets roulants s\u2019offrent \u00e0 vous, suivant les caract\u00e9ristiques de vos ouvertures Ils s&rsquo;int\u00e8grent \u00e0 l\u2019architecture de votre maison pour cr\u00e9er une harmonie parfaite entre utilit\u00e9 et esth\u00e9tisme, tout en assurant la s\u00fbret\u00e9 de votre habitat. La gamme de nos volets roulants a \u00e9galement \u00e9t\u00e9 pens\u00e9e pour r\u00e9pondre \u00e0 vos souhaits &hellip;<\/p>\n<p class=\"read-more\"> <a class=\"\" href=\"https:\/\/www.dgco-fermetures.com\/index.php\/volets\/\"> <span class=\"screen-reader-text\">VOLETS<\/span> Lire la suite\u00a0\u00bb<\/a><\/p>\n","protected":false},"author":1,"featured_media":0,"parent":0,"menu_order":0,"comment_status":"closed","ping_status":"closed","template":"","meta":{"site-sidebar-layout":"no-sidebar","site-content-layout":"page-builder","ast-global-header-display":"","ast-main-header-display":"","ast-hfb-above-header-display":"","ast-hfb-below-header-display":"","ast-hfb-mobile-header-display":"","site-post-title":"disabled","ast-breadcrumbs-content":"","ast-featured-img":"disabled","footer-sml-layout":"","theme-transparent-header-meta":"","adv-header-id-meta":"","stick-header-meta":"","header-above-stick-meta":"","header-main-stick-meta":"","header-below-stick-meta":"","_themeisle_gutenberg_block_has_review":false,"footnotes":""},"class_list":["post-1147","page","type-page","status-publish","hentry"],"uagb_featured_image_src":{"full":false,"thumbnail":false,"medium":false,"medium_large":false,"large":false,"1536x1536":false,"2048x2048":false},"uagb_author_info":{"display_name":"admin9838","author_link":"https:\/\/www.dgco-fermetures.com\/index.php\/author\/admin9838\/"},"uagb_comment_info":0,"uagb_excerpt":"Les volets Plusieurs mod\u00e8les de volets roulants s\u2019offrent \u00e0 vous, suivant les caract\u00e9ristiques de vos ouvertures Ils s&rsquo;int\u00e8grent \u00e0 l\u2019architecture de votre maison pour cr\u00e9er une harmonie parfaite entre utilit\u00e9 et esth\u00e9tisme, tout en assurant la s\u00fbret\u00e9 de votre habitat. La gamme de nos volets roulants a \u00e9galement \u00e9t\u00e9 pens\u00e9e pour r\u00e9pondre \u00e0 vos souhaits\u2026","_links":{"self":[{"href":"https:\/\/www.dgco-fermetures.com\/index.php\/wp-json\/wp\/v2\/pages\/1147","targetHints":{"allow":["GET"]}}],"collection":[{"href":"https:\/\/www.dgco-fermetures.com\/index.php\/wp-json\/wp\/v2\/pages"}],"about":[{"href":"https:\/\/www.dgco-fermetures.com\/index.php\/wp-json\/wp\/v2\/types\/page"}],"author":[{"embeddable":true,"href":"https:\/\/www.dgco-fermetures.com\/index.php\/wp-json\/wp\/v2\/users\/1"}],"replies":[{"embeddable":true,"href":"https:\/\/www.dgco-fermetures.com\/index.php\/wp-json\/wp\/v2\/comments?post=1147"}],"version-history":[{"count":55,"href":"https:\/\/www.dgco-fermetures.com\/index.php\/wp-json\/wp\/v2\/pages\/1147\/revisions"}],"predecessor-version":[{"id":1786,"href":"https:\/\/www.dgco-fermetures.com\/index.php\/wp-json\/wp\/v2\/pages\/1147\/revisions\/1786"}],"wp:attachment":[{"href":"https:\/\/www.dgco-fermetures.com\/index.php\/wp-json\/wp\/v2\/media?parent=1147"}],"curies":[{"name":"wp","href":"https:\/\/api.w.org\/{rel}","templated":true}]}}