{"id":1461,"date":"2023-01-23T12:28:08","date_gmt":"2023-01-23T11:28:08","guid":{"rendered":"http:\/\/www.dgco-fermetures.com\/?page_id=1461"},"modified":"2023-04-13T18:05:55","modified_gmt":"2023-04-13T16:05:55","slug":"portes-de-garage","status":"publish","type":"page","link":"https:\/\/www.dgco-fermetures.com\/index.php\/portes-de-garage\/","title":{"rendered":"PORTES DE GARAGE"},"content":{"rendered":"\t\t<div data-elementor-type=\"wp-page\" data-elementor-id=\"1461\" class=\"elementor elementor-1461\">\n\t\t\t\t\t\t\t\t\t<section class=\"elementor-section elementor-top-section elementor-element elementor-element-9ad7262 elementor-section-boxed elementor-section-height-default elementor-section-height-default\" data-id=\"9ad7262\" data-element_type=\"section\" data-settings=\"{&quot;background_background&quot;:&quot;slideshow&quot;,&quot;background_slideshow_gallery&quot;:[{&quot;id&quot;:1465,&quot;url&quot;:&quot;http:\\\/\\\/www.dgco-fermetures.com\\\/wp-content\\\/uploads\\\/2023\\\/01\\\/banner6-site-dgco.jpg&quot;}],&quot;background_slideshow_loop&quot;:&quot;yes&quot;,&quot;background_slideshow_slide_duration&quot;:5000,&quot;background_slideshow_slide_transition&quot;:&quot;fade&quot;,&quot;background_slideshow_transition_duration&quot;:500}\">\n\t\t\t\t\t\t<div class=\"elementor-container elementor-column-gap-no\">\n\t\t\t\t\t<div class=\"elementor-column elementor-col-100 elementor-top-column elementor-element elementor-element-b5e0cc3\" data-id=\"b5e0cc3\" data-element_type=\"column\">\n\t\t\t<div class=\"elementor-widget-wrap elementor-element-populated\">\n\t\t\t\t\t\t\t\t<div class=\"elementor-element elementor-element-fcdcf23 elementor-widget elementor-widget-heading\" data-id=\"fcdcf23\" data-element_type=\"widget\" data-widget_type=\"heading.default\">\n\t\t\t\t<div class=\"elementor-widget-container\">\n\t\t\t<style>\/*! elementor - v3.8.1 - 13-11-2022 *\/\n.elementor-heading-title{padding:0;margin:0;line-height:1}.elementor-widget-heading .elementor-heading-title[class*=elementor-size-]>a{color:inherit;font-size:inherit;line-height:inherit}.elementor-widget-heading .elementor-heading-title.elementor-size-small{font-size:15px}.elementor-widget-heading .elementor-heading-title.elementor-size-medium{font-size:19px}.elementor-widget-heading .elementor-heading-title.elementor-size-large{font-size:29px}.elementor-widget-heading .elementor-heading-title.elementor-size-xl{font-size:39px}.elementor-widget-heading .elementor-heading-title.elementor-size-xxl{font-size:59px}<\/style><h1 class=\"elementor-heading-title elementor-size-default\">Les portes de garage<\/h1>\t\t<\/div>\n\t\t\t\t<\/div>\n\t\t\t\t\t<\/div>\n\t\t<\/div>\n\t\t\t\t\t\t\t<\/div>\n\t\t<\/section>\n\t\t\t\t<section class=\"elementor-section elementor-top-section elementor-element elementor-element-4baa3df elementor-section-boxed elementor-section-height-default elementor-section-height-default\" data-id=\"4baa3df\" data-element_type=\"section\">\n\t\t\t\t\t\t<div class=\"elementor-container elementor-column-gap-default\">\n\t\t\t\t\t<div class=\"elementor-column elementor-col-100 elementor-top-column elementor-element elementor-element-f81c427\" data-id=\"f81c427\" data-element_type=\"column\">\n\t\t\t<div class=\"elementor-widget-wrap elementor-element-populated\">\n\t\t\t\t\t\t\t\t<div class=\"elementor-element elementor-element-0335b5c elementor-widget elementor-widget-text-editor\" data-id=\"0335b5c\" data-element_type=\"widget\" data-widget_type=\"text-editor.default\">\n\t\t\t\t<div class=\"elementor-widget-container\">\n\t\t\t<style>\/*! elementor - v3.8.1 - 13-11-2022 *\/\n.elementor-widget-text-editor.elementor-drop-cap-view-stacked .elementor-drop-cap{background-color:#818a91;color:#fff}.elementor-widget-text-editor.elementor-drop-cap-view-framed .elementor-drop-cap{color:#818a91;border:3px solid;background-color:transparent}.elementor-widget-text-editor:not(.elementor-drop-cap-view-default) .elementor-drop-cap{margin-top:8px}.elementor-widget-text-editor:not(.elementor-drop-cap-view-default) .elementor-drop-cap-letter{width:1em;height:1em}.elementor-widget-text-editor .elementor-drop-cap{float:left;text-align:center;line-height:1;font-size:50px}.elementor-widget-text-editor .elementor-drop-cap-letter{display:inline-block}<\/style>\t\t\t\t<h6><strong>Trouvez votre porte de garage enroulable ou sectionnelle<br \/><\/strong><\/h6><div class=\"see-more wysiwyg\">Pour s\u00e9curiser l&rsquo;acc\u00e8s \u00e0 votre maison, nos portes de garage en acier ont un point commun : leur fiabilit\u00e9. Innovantes et enti\u00e8rement personnalisables, con\u00e7ues pour rehausser l\u2019esth\u00e9tisme ext\u00e9rieur de votre maison et pour lui apporter une touche de caract\u00e8re suppl\u00e9mentaire.<\/div>\t\t\t\t\t\t<\/div>\n\t\t\t\t<\/div>\n\t\t\t\t\t<\/div>\n\t\t<\/div>\n\t\t\t\t\t\t\t<\/div>\n\t\t<\/section>\n\t\t\t\t<section class=\"elementor-section elementor-top-section elementor-element elementor-element-b1bf8c7 elementor-section-boxed elementor-section-height-default elementor-section-height-default\" data-id=\"b1bf8c7\" data-element_type=\"section\">\n\t\t\t\t\t\t<div class=\"elementor-container elementor-column-gap-default\">\n\t\t\t\t\t<div class=\"elementor-column elementor-col-100 elementor-top-column elementor-element elementor-element-e4f65ca\" data-id=\"e4f65ca\" data-element_type=\"column\">\n\t\t\t<div class=\"elementor-widget-wrap elementor-element-populated\">\n\t\t\t\t\t\t\t\t<section class=\"elementor-section elementor-inner-section elementor-element elementor-element-e62d4d2 elementor-section-boxed elementor-section-height-default elementor-section-height-default\" data-id=\"e62d4d2\" data-element_type=\"section\" data-settings=\"{&quot;background_background&quot;:&quot;classic&quot;}\">\n\t\t\t\t\t\t<div class=\"elementor-container elementor-column-gap-default\">\n\t\t\t\t\t<div class=\"elementor-column elementor-col-50 elementor-inner-column elementor-element elementor-element-2765736\" data-id=\"2765736\" data-element_type=\"column\">\n\t\t\t<div class=\"elementor-widget-wrap elementor-element-populated\">\n\t\t\t\t\t\t\t\t<div class=\"elementor-element elementor-element-f02cb3e elementor-widget elementor-widget-text-editor\" data-id=\"f02cb3e\" data-element_type=\"widget\" data-widget_type=\"text-editor.default\">\n\t\t\t\t<div class=\"elementor-widget-container\">\n\t\t\t\t\t\t\t<h5><strong>Les portes de garage sectionnelles verticales<br \/><\/strong><\/h5><p>A refoulement plafond<\/p><ul><li>A refoulement vertical, l\u2019espace devant le garage est enti\u00e8rement lib\u00e9r\u00e9 ainsi que l\u2019espace lat\u00e9ral \u00e0 l\u2019int\u00e9rieur pour le rangement<\/li><li>Panneau en acier isol\u00e9 40 mm pour un <strong>confort thermique optimal<\/strong><\/li><li><strong>Fonctionnement tr\u00e8s silencieux<\/strong> gr\u00e2ce au calfeutrement du syst\u00e8me de refoulement<\/li><li><strong>\u00c9l\u00e9gance des finitions<\/strong> \u00e9pur\u00e9es et tr\u00e8s qualitatives pour une long\u00e9vit\u00e9 accrue<\/li><li><strong>S\u00e9curit\u00e9 pr\u00e9serv\u00e9e<\/strong> avec le stop chute<\/li><li><strong>Adaptabilit\u00e9 maximale<\/strong> notamment aux garages bas de plafond<\/li><li>Personnalisation infinie gr\u00e2ce aux hublots et d\u00e9cors<\/li><\/ul>\t\t\t\t\t\t<\/div>\n\t\t\t\t<\/div>\n\t\t\t\t\t<\/div>\n\t\t<\/div>\n\t\t\t\t<div class=\"elementor-column elementor-col-50 elementor-inner-column elementor-element elementor-element-75d6cea\" data-id=\"75d6cea\" data-element_type=\"column\">\n\t\t\t<div class=\"elementor-widget-wrap elementor-element-populated\">\n\t\t\t\t\t\t\t\t<div class=\"elementor-element elementor-element-a14988f elementor-widget elementor-widget-image\" data-id=\"a14988f\" data-element_type=\"widget\" data-widget_type=\"image.default\">\n\t\t\t\t<div class=\"elementor-widget-container\">\n\t\t\t<style>\/*! elementor - v3.8.1 - 13-11-2022 *\/\n.elementor-widget-image{text-align:center}.elementor-widget-image a{display:inline-block}.elementor-widget-image a img[src$=\".svg\"]{width:48px}.elementor-widget-image img{vertical-align:middle;display:inline-block}<\/style>\t\t\t\t\t\t\t\t\t\t\t\t<img loading=\"lazy\" decoding=\"async\" width=\"1024\" height=\"1024\" src=\"https:\/\/www.dgco-fermetures.com\/wp-content\/uploads\/2023\/01\/porte-sectionverticale-1024x1024.jpg\" class=\"attachment-large size-large\" alt=\"\" srcset=\"https:\/\/www.dgco-fermetures.com\/wp-content\/uploads\/2023\/01\/porte-sectionverticale.jpg 1024w, https:\/\/www.dgco-fermetures.com\/wp-content\/uploads\/2023\/01\/porte-sectionverticale-300x300.jpg 300w, https:\/\/www.dgco-fermetures.com\/wp-content\/uploads\/2023\/01\/porte-sectionverticale-150x150.jpg 150w, https:\/\/www.dgco-fermetures.com\/wp-content\/uploads\/2023\/01\/porte-sectionverticale-768x768.jpg 768w\" sizes=\"auto, (max-width: 1024px) 100vw, 1024px\" \/>\t\t\t\t\t\t\t\t\t\t\t\t\t\t\t<\/div>\n\t\t\t\t<\/div>\n\t\t\t\t\t<\/div>\n\t\t<\/div>\n\t\t\t\t\t\t\t<\/div>\n\t\t<\/section>\n\t\t\t\t<section class=\"elementor-section elementor-inner-section elementor-element elementor-element-3342abe elementor-section-boxed elementor-section-height-default elementor-section-height-default\" data-id=\"3342abe\" data-element_type=\"section\">\n\t\t\t\t\t\t<div class=\"elementor-container elementor-column-gap-default\">\n\t\t\t\t\t<div class=\"elementor-column elementor-col-50 elementor-inner-column elementor-element elementor-element-b1072a2\" data-id=\"b1072a2\" data-element_type=\"column\">\n\t\t\t<div class=\"elementor-widget-wrap elementor-element-populated\">\n\t\t\t\t\t\t\t\t<div class=\"elementor-element elementor-element-132c583 elementor-widget elementor-widget-image\" data-id=\"132c583\" data-element_type=\"widget\" data-widget_type=\"image.default\">\n\t\t\t\t<div class=\"elementor-widget-container\">\n\t\t\t\t\t\t\t\t\t\t\t\t\t\t\t<img loading=\"lazy\" decoding=\"async\" width=\"1024\" height=\"1024\" src=\"https:\/\/www.dgco-fermetures.com\/wp-content\/uploads\/2023\/01\/porte-sectionlaterale-1024x1024.jpg\" class=\"attachment-large size-large\" alt=\"\" srcset=\"https:\/\/www.dgco-fermetures.com\/wp-content\/uploads\/2023\/01\/porte-sectionlaterale.jpg 1024w, https:\/\/www.dgco-fermetures.com\/wp-content\/uploads\/2023\/01\/porte-sectionlaterale-300x300.jpg 300w, https:\/\/www.dgco-fermetures.com\/wp-content\/uploads\/2023\/01\/porte-sectionlaterale-150x150.jpg 150w, https:\/\/www.dgco-fermetures.com\/wp-content\/uploads\/2023\/01\/porte-sectionlaterale-768x768.jpg 768w\" sizes=\"auto, (max-width: 1024px) 100vw, 1024px\" \/>\t\t\t\t\t\t\t\t\t\t\t\t\t\t\t<\/div>\n\t\t\t\t<\/div>\n\t\t\t\t\t<\/div>\n\t\t<\/div>\n\t\t\t\t<div class=\"elementor-column elementor-col-50 elementor-inner-column elementor-element elementor-element-b15f487\" data-id=\"b15f487\" data-element_type=\"column\">\n\t\t\t<div class=\"elementor-widget-wrap elementor-element-populated\">\n\t\t\t\t\t\t\t\t<div class=\"elementor-element elementor-element-782a1dc elementor-widget elementor-widget-text-editor\" data-id=\"782a1dc\" data-element_type=\"widget\" data-widget_type=\"text-editor.default\">\n\t\t\t\t<div class=\"elementor-widget-container\">\n\t\t\t\t\t\t\t<h5><strong>Les portes de garage sectionnelles lat\u00e9rales<br \/><\/strong><\/h5><p>Avec une ouverture coulissante permettant un acc\u00e8s pi\u00e9ton bien pratique !<\/p><ul><li>Protection thermique du garage assur\u00e9e avec les panneaux en acier isol\u00e9s 40 mm\u00a0\u00a0<\/li><li>Grande souplesse \u00e0 l\u2019usage avec une ouverture\/fermeture tr\u00e8s fluide<\/li><li>Confort d\u2019utilisation avec la man\u0153uvre \u00e9lectrique et les options associ\u00e9s<\/li><li>Esth\u00e9tique soign\u00e9e et durable avec le choix de mat\u00e9riaux de haute qualit\u00e9<\/li><\/ul><p><b>Le plus : l\u2019option portillon int\u00e9gr\u00e9 pour un acc\u00e8s encore plus ais\u00e9 !<\/b><\/p>\t\t\t\t\t\t<\/div>\n\t\t\t\t<\/div>\n\t\t\t\t\t<\/div>\n\t\t<\/div>\n\t\t\t\t\t\t\t<\/div>\n\t\t<\/section>\n\t\t\t\t<section class=\"elementor-section elementor-inner-section elementor-element elementor-element-5da74c7 elementor-section-boxed elementor-section-height-default elementor-section-height-default\" data-id=\"5da74c7\" data-element_type=\"section\" data-settings=\"{&quot;background_background&quot;:&quot;classic&quot;}\">\n\t\t\t\t\t\t<div class=\"elementor-container elementor-column-gap-default\">\n\t\t\t\t\t<div class=\"elementor-column elementor-col-50 elementor-inner-column elementor-element elementor-element-d21aaea\" data-id=\"d21aaea\" data-element_type=\"column\">\n\t\t\t<div class=\"elementor-widget-wrap elementor-element-populated\">\n\t\t\t\t\t\t\t\t<div class=\"elementor-element elementor-element-fc4f30a elementor-widget elementor-widget-text-editor\" data-id=\"fc4f30a\" data-element_type=\"widget\" data-widget_type=\"text-editor.default\">\n\t\t\t\t<div class=\"elementor-widget-container\">\n\t\t\t\t\t\t\t<h5><strong>Les portes de garage enroulables<br \/><\/strong><\/h5><p><strong>Pour un encombrement minimum, possibilit\u00e9s maximums\u00a0!<\/strong><\/p><p>Comme un volet roulant, les lames s\u2019enroulent dans un <strong>coffre ferm\u00e9 en aluminium<\/strong> pour une s\u00e9curit\u00e9 renforc\u00e9e.<\/p><ul><li>Sans d\u00e9bord int\u00e9rieur ni ext\u00e9rieur, elle est parfaite pour les garages en bordure de voie ou de dimensions r\u00e9duites.<\/li><li><strong>Rigidit\u00e9<\/strong> du tablier en aluminium avec mousse de haute densit\u00e9<\/li><li><strong>Dimensions sur mesure<\/strong> pour s\u2019adapter \u00e0 toutes les configurations<\/li><li><strong>S\u00e9curit\u00e9 assur\u00e9e<\/strong> gr\u00e2ce \u00e0 la d\u00e9tection automatique d\u2019obstacles et au syst\u00e8me anti-effraction<\/li><\/ul>\t\t\t\t\t\t<\/div>\n\t\t\t\t<\/div>\n\t\t\t\t\t<\/div>\n\t\t<\/div>\n\t\t\t\t<div class=\"elementor-column elementor-col-50 elementor-inner-column elementor-element elementor-element-7ae989e\" data-id=\"7ae989e\" data-element_type=\"column\">\n\t\t\t<div class=\"elementor-widget-wrap elementor-element-populated\">\n\t\t\t\t\t\t\t\t<div class=\"elementor-element elementor-element-3e50c9b elementor-widget elementor-widget-image\" data-id=\"3e50c9b\" data-element_type=\"widget\" data-widget_type=\"image.default\">\n\t\t\t\t<div class=\"elementor-widget-container\">\n\t\t\t\t\t\t\t\t\t\t\t\t\t\t\t<img loading=\"lazy\" decoding=\"async\" width=\"1024\" height=\"1024\" src=\"https:\/\/www.dgco-fermetures.com\/wp-content\/uploads\/2023\/01\/porte-enroulable-1024x1024.jpg\" class=\"attachment-large size-large\" alt=\"\" srcset=\"https:\/\/www.dgco-fermetures.com\/wp-content\/uploads\/2023\/01\/porte-enroulable.jpg 1024w, https:\/\/www.dgco-fermetures.com\/wp-content\/uploads\/2023\/01\/porte-enroulable-300x300.jpg 300w, https:\/\/www.dgco-fermetures.com\/wp-content\/uploads\/2023\/01\/porte-enroulable-150x150.jpg 150w, https:\/\/www.dgco-fermetures.com\/wp-content\/uploads\/2023\/01\/porte-enroulable-768x768.jpg 768w\" sizes=\"auto, (max-width: 1024px) 100vw, 1024px\" \/>\t\t\t\t\t\t\t\t\t\t\t\t\t\t\t<\/div>\n\t\t\t\t<\/div>\n\t\t\t\t\t<\/div>\n\t\t<\/div>\n\t\t\t\t\t\t\t<\/div>\n\t\t<\/section>\n\t\t\t\t\t<\/div>\n\t\t<\/div>\n\t\t\t\t\t\t\t<\/div>\n\t\t<\/section>\n\t\t\t\t<section class=\"elementor-section elementor-top-section elementor-element elementor-element-fe7bcd5 elementor-section-boxed elementor-section-height-default elementor-section-height-default\" data-id=\"fe7bcd5\" data-element_type=\"section\">\n\t\t\t\t\t\t<div class=\"elementor-container elementor-column-gap-default\">\n\t\t\t\t\t<div class=\"elementor-column elementor-col-100 elementor-top-column elementor-element elementor-element-6b586c2\" data-id=\"6b586c2\" data-element_type=\"column\">\n\t\t\t<div class=\"elementor-widget-wrap elementor-element-populated\">\n\t\t\t\t\t\t\t\t<div class=\"elementor-element elementor-element-de4884f elementor-align-center elementor-widget elementor-widget-button\" data-id=\"de4884f\" data-element_type=\"widget\" data-widget_type=\"button.default\">\n\t\t\t\t<div class=\"elementor-widget-container\">\n\t\t\t\t\t<div class=\"elementor-button-wrapper\">\n\t\t\t<a href=\"http:\/\/www.dgco-fermetures.com\/index.php\/contact\/\" class=\"elementor-button-link elementor-button elementor-size-md\" role=\"button\">\n\t\t\t\t\t\t<span class=\"elementor-button-content-wrapper\">\n\t\t\t\t\t\t<span class=\"elementor-button-text\">CONTACTEZ-NOUS<\/span>\n\t\t<\/span>\n\t\t\t\t\t<\/a>\n\t\t<\/div>\n\t\t\t\t<\/div>\n\t\t\t\t<\/div>\n\t\t\t\t\t<\/div>\n\t\t<\/div>\n\t\t\t\t\t\t\t<\/div>\n\t\t<\/section>\n\t\t\t\t<section class=\"elementor-section elementor-top-section elementor-element elementor-element-152c13fb elementor-section-height-min-height elementor-section-boxed elementor-section-height-default elementor-section-items-middle\" data-id=\"152c13fb\" data-element_type=\"section\" data-settings=\"{&quot;background_background&quot;:&quot;classic&quot;}\">\n\t\t\t\t\t\t<div class=\"elementor-container elementor-column-gap-no\">\n\t\t\t\t\t<div class=\"elementor-column elementor-col-33 elementor-top-column elementor-element elementor-element-49fe11\" data-id=\"49fe11\" data-element_type=\"column\">\n\t\t\t<div class=\"elementor-widget-wrap elementor-element-populated\">\n\t\t\t\t\t\t\t\t<div class=\"elementor-element elementor-element-30c35d49 elementor-position-left elementor-vertical-align-middle elementor-view-default elementor-mobile-position-top elementor-widget elementor-widget-icon-box\" data-id=\"30c35d49\" data-element_type=\"widget\" data-widget_type=\"icon-box.default\">\n\t\t\t\t<div class=\"elementor-widget-container\">\n\t\t\t<link rel=\"stylesheet\" href=\"http:\/\/www.dgco-fermetures.com\/wp-content\/plugins\/elementor\/assets\/css\/widget-icon-box.min.css\">\t\t<div class=\"elementor-icon-box-wrapper\">\n\t\t\t\t\t\t<div class=\"elementor-icon-box-icon\">\n\t\t\t\t<span class=\"elementor-icon elementor-animation-\" >\n\t\t\t\t<i aria-hidden=\"true\" class=\"fas fa-phone-alt\"><\/i>\t\t\t\t<\/span>\n\t\t\t<\/div>\n\t\t\t\t\t\t<div class=\"elementor-icon-box-content\">\n\t\t\t\t<h6 class=\"elementor-icon-box-title\">\n\t\t\t\t\t<span  >\n\t\t\t\t\t\t06 20 21 17 08\t\t\t\t\t<\/span>\n\t\t\t\t<\/h6>\n\t\t\t\t\t\t\t\t\t<p class=\"elementor-icon-box-description\">\n\t\t\t\t\t\t 67370 Schnersheim \t\t\t\t\t<\/p>\n\t\t\t\t\t\t\t<\/div>\n\t\t<\/div>\n\t\t\t\t<\/div>\n\t\t\t\t<\/div>\n\t\t\t\t\t<\/div>\n\t\t<\/div>\n\t\t\t\t<div class=\"elementor-column elementor-col-33 elementor-top-column elementor-element elementor-element-4c29eaae\" data-id=\"4c29eaae\" data-element_type=\"column\">\n\t\t\t<div class=\"elementor-widget-wrap elementor-element-populated\">\n\t\t\t\t\t\t\t\t<div class=\"elementor-element elementor-element-5bccfbc9 elementor-position-left elementor-vertical-align-middle elementor-view-default elementor-mobile-position-top elementor-widget elementor-widget-icon-box\" data-id=\"5bccfbc9\" data-element_type=\"widget\" data-widget_type=\"icon-box.default\">\n\t\t\t\t<div class=\"elementor-widget-container\">\n\t\t\t\t\t<div class=\"elementor-icon-box-wrapper\">\n\t\t\t\t\t\t<div class=\"elementor-icon-box-icon\">\n\t\t\t\t<a class=\"elementor-icon elementor-animation-\" href=\"mailto:contactdgcofermetures@gmail.com\">\n\t\t\t\t<i aria-hidden=\"true\" class=\"fas fa-mail-bulk\"><\/i>\t\t\t\t<\/a>\n\t\t\t<\/div>\n\t\t\t\t\t\t<div class=\"elementor-icon-box-content\">\n\t\t\t\t<h6 class=\"elementor-icon-box-title\">\n\t\t\t\t\t<a href=\"mailto:contactdgcofermetures@gmail.com\" >\n\t\t\t\t\t\tEmail :\t\t\t\t\t<\/a>\n\t\t\t\t<\/h6>\n\t\t\t\t\t\t\t\t\t<p class=\"elementor-icon-box-description\">\n\t\t\t\t\t\tcontactdgcofermetures@gmail.com\t\t\t\t\t<\/p>\n\t\t\t\t\t\t\t<\/div>\n\t\t<\/div>\n\t\t\t\t<\/div>\n\t\t\t\t<\/div>\n\t\t\t\t\t<\/div>\n\t\t<\/div>\n\t\t\t\t<div class=\"elementor-column elementor-col-33 elementor-top-column elementor-element elementor-element-2f5668dc\" data-id=\"2f5668dc\" data-element_type=\"column\">\n\t\t\t<div class=\"elementor-widget-wrap elementor-element-populated\">\n\t\t\t\t\t\t\t\t<div class=\"elementor-element elementor-element-3eb4a412 elementor-position-left elementor-vertical-align-middle elementor-view-default elementor-mobile-position-top elementor-widget elementor-widget-icon-box\" data-id=\"3eb4a412\" data-element_type=\"widget\" data-widget_type=\"icon-box.default\">\n\t\t\t\t<div class=\"elementor-widget-container\">\n\t\t\t\t\t<div class=\"elementor-icon-box-wrapper\">\n\t\t\t\t\t\t<div class=\"elementor-icon-box-icon\">\n\t\t\t\t<span class=\"elementor-icon elementor-animation-\" >\n\t\t\t\t<i aria-hidden=\"true\" class=\"fas fa-clock\"><\/i>\t\t\t\t<\/span>\n\t\t\t<\/div>\n\t\t\t\t\t\t<div class=\"elementor-icon-box-content\">\n\t\t\t\t<h6 class=\"elementor-icon-box-title\">\n\t\t\t\t\t<span  >\n\t\t\t\t\t\tHoraires :\u200b\t\t\t\t\t<\/span>\n\t\t\t\t<\/h6>\n\t\t\t\t\t\t\t\t\t<p class=\"elementor-icon-box-description\">\n\t\t\t\t\t\tLundi au vendredi : 8h-17h\u200b\t\t\t\t\t<\/p>\n\t\t\t\t\t\t\t<\/div>\n\t\t<\/div>\n\t\t\t\t<\/div>\n\t\t\t\t<\/div>\n\t\t\t\t\t<\/div>\n\t\t<\/div>\n\t\t\t\t\t\t\t<\/div>\n\t\t<\/section>\n\t\t\t\t\t\t\t<\/div>\n\t\t","protected":false},"excerpt":{"rendered":"<p>Les portes de garage Trouvez votre porte de garage enroulable ou sectionnelle Pour s\u00e9curiser l&rsquo;acc\u00e8s \u00e0 votre maison, nos portes de garage en acier ont un point commun : leur fiabilit\u00e9. Innovantes et enti\u00e8rement personnalisables, con\u00e7ues pour rehausser l\u2019esth\u00e9tisme ext\u00e9rieur de votre maison et pour lui apporter une touche de caract\u00e8re suppl\u00e9mentaire. Les portes de &hellip;<\/p>\n<p class=\"read-more\"> <a class=\"\" href=\"https:\/\/www.dgco-fermetures.com\/index.php\/portes-de-garage\/\"> <span class=\"screen-reader-text\">PORTES DE GARAGE<\/span> Lire la suite\u00a0\u00bb<\/a><\/p>\n","protected":false},"author":1,"featured_media":0,"parent":0,"menu_order":0,"comment_status":"closed","ping_status":"closed","template":"","meta":{"site-sidebar-layout":"no-sidebar","site-content-layout":"page-builder","ast-global-header-display":"","ast-main-header-display":"","ast-hfb-above-header-display":"","ast-hfb-below-header-display":"","ast-hfb-mobile-header-display":"","site-post-title":"disabled","ast-breadcrumbs-content":"","ast-featured-img":"disabled","footer-sml-layout":"","theme-transparent-header-meta":"","adv-header-id-meta":"","stick-header-meta":"","header-above-stick-meta":"","header-main-stick-meta":"","header-below-stick-meta":"","_themeisle_gutenberg_block_has_review":false,"footnotes":""},"class_list":["post-1461","page","type-page","status-publish","hentry"],"uagb_featured_image_src":{"full":false,"thumbnail":false,"medium":false,"medium_large":false,"large":false,"1536x1536":false,"2048x2048":false},"uagb_author_info":{"display_name":"admin9838","author_link":"https:\/\/www.dgco-fermetures.com\/index.php\/author\/admin9838\/"},"uagb_comment_info":0,"uagb_excerpt":"Les portes de garage Trouvez votre porte de garage enroulable ou sectionnelle Pour s\u00e9curiser l&rsquo;acc\u00e8s \u00e0 votre maison, nos portes de garage en acier ont un point commun : leur fiabilit\u00e9. Innovantes et enti\u00e8rement personnalisables, con\u00e7ues pour rehausser l\u2019esth\u00e9tisme ext\u00e9rieur de votre maison et pour lui apporter une touche de caract\u00e8re suppl\u00e9mentaire. Les portes de\u2026","_links":{"self":[{"href":"https:\/\/www.dgco-fermetures.com\/index.php\/wp-json\/wp\/v2\/pages\/1461","targetHints":{"allow":["GET"]}}],"collection":[{"href":"https:\/\/www.dgco-fermetures.com\/index.php\/wp-json\/wp\/v2\/pages"}],"about":[{"href":"https:\/\/www.dgco-fermetures.com\/index.php\/wp-json\/wp\/v2\/types\/page"}],"author":[{"embeddable":true,"href":"https:\/\/www.dgco-fermetures.com\/index.php\/wp-json\/wp\/v2\/users\/1"}],"replies":[{"embeddable":true,"href":"https:\/\/www.dgco-fermetures.com\/index.php\/wp-json\/wp\/v2\/comments?post=1461"}],"version-history":[{"count":13,"href":"https:\/\/www.dgco-fermetures.com\/index.php\/wp-json\/wp\/v2\/pages\/1461\/revisions"}],"predecessor-version":[{"id":1783,"href":"https:\/\/www.dgco-fermetures.com\/index.php\/wp-json\/wp\/v2\/pages\/1461\/revisions\/1783"}],"wp:attachment":[{"href":"https:\/\/www.dgco-fermetures.com\/index.php\/wp-json\/wp\/v2\/media?parent=1461"}],"curies":[{"name":"wp","href":"https:\/\/api.w.org\/{rel}","templated":true}]}}